{"id":70,"date":"2017-09-04T17:50:17","date_gmt":"2017-09-04T20:50:17","guid":{"rendered":"http:\/\/sistemafaepa.com.br\/senar\/?page_id=70"},"modified":"2017-09-04T17:50:17","modified_gmt":"2017-09-04T20:50:17","slug":"diretrizes","status":"publish","type":"page","link":"https:\/\/sistemafaepa.com.br\/senar\/diretrizes\/","title":{"rendered":"Diretrizes"},"content":{"rendered":"<p>[et_pb_section fb_built=&#8221;1&#8243; background_color=&#8221;#1f6462&#8243; inner_shadow=&#8221;on&#8221; fullwidth=&#8221;on&#8221; _builder_version=&#8221;3.0.71&#8243; background_image=&#8221;https:\/\/sistemafaepa.com.br\/senar\/wp-content\/uploads\/sites\/2\/2017\/09\/BG-SENAR.jpg&#8221;][et_pb_fullwidth_header title=&#8221;Diretrizes&#8221; background_layout=&#8221;dark&#8221; admin_label=&#8221;Fullwidth Header&#8221; _builder_version=&#8221;3.0.71&#8243; title_font=&#8221;|on|||&#8221;][\/et_pb_fullwidth_header][\/et_pb_section][et_pb_section fb_built=&#8221;1&#8243; specialty=&#8221;on&#8221; _builder_version=&#8221;3.0.47&#8243; custom_padding=&#8221;3px|0px|54px|0px&#8221;][et_pb_column type=&#8221;3_4&#8243; specialty_columns=&#8221;3&#8243; _builder_version=&#8221;3.0.47&#8243;][et_pb_row_inner _builder_version=&#8221;3.0.47&#8243;][et_pb_column_inner type=&#8221;4_4&#8243; saved_specialty_column_type=&#8221;3_4&#8243; _builder_version=&#8221;3.0.47&#8243; parallax=&#8221;off&#8221; parallax_method=&#8221;on&#8221;][et_pb_text admin_label=&#8221;Text&#8221; _builder_version=&#8221;3.0.71&#8243; background_size=&#8221;initial&#8221; background_position=&#8221;top_left&#8221; background_repeat=&#8221;repeat&#8221;]<\/p>\n<h2 class=\"inserted\">As grandes diretrizes do SENAR-PA s\u00e3o:<\/h2>\n<p>&nbsp;<\/p>\n<p style=\"text-align: justify\">O Servi\u00e7o Nacional de Aprendizagem Rural \u2013 Senar \u00e9 uma entidade privada vinculada \u00e0 Confedera\u00e7\u00e3o Nacional de Agricultura, administrado por um conselho formado por representantes dos produtores rurais, dos trabalhadores do campo e do governo federal. A administra\u00e7\u00e3o central do Senar, em Bras\u00edlia, capital brasileira, c<\/p>\n<p>\u2022 Atingir em n\u00edvel de forma\u00e7\u00e3o profissional rural &#8211; FPR a grande massa de trabalhadores e produtores rurais no Par\u00e1;<\/p>\n<p>\u2022 Mobilizar todo o potencial da sociedade organizada, tais como: sindicatos cooperativas, estabelecimentos de ensino, pesquisa, fabricantes e distribuidores de insumos, m\u00e1quinas e equipamentos, \u00f3rg\u00e3os do governo e entidades privadas, visando estabelecer acordos de coopera\u00e7\u00e3o para trabalhos conjuntos;<\/p>\n<p>\u2022 Maximizar os resultados dos recursos financeiros dispon\u00edveis, procurando us\u00e1-los na complementa\u00e7\u00e3o dos esfor\u00e7os j\u00e1 existentes;<\/p>\n<p>\u2022 Combinar treinamento com promo\u00e7\u00e3o social, de modo a ensinar o trabalhador\/produtor a retirar melhor proveito econ\u00f4mico e social de seu trabalho e\/ou de sua propriedade.<\/p>\n<p>[\/et_pb_text][\/et_pb_column_inner][\/et_pb_row_inner][\/et_pb_column][et_pb_column type=&#8221;1_4&#8243; _builder_version=&#8221;3.0.47&#8243;][et_pb_search exclude_pages=&#8221;off&#8221; exclude_posts=&#8221;off&#8221; placeholder=&#8221;Pesquisar&#8230;&#8221; _builder_version=&#8221;3.0.71&#8243;][\/et_pb_search][et_pb_code _builder_version=&#8221;3.0.71&#8243;]&lt;iframe width=&quot;250&quot; height=&quot;141&quot; src=&quot;https:\/\/www.youtube.com\/embed\/Elp0Xhj501o?rel=0&amp;controls=0&quot; frameborder=&quot;0&quot; allowfullscreen&gt;&lt;\/iframe&gt;[\/et_pb_code][et_pb_blog posts_number=&#8221;5&#8243; show_author=&#8221;off&#8221; show_date=&#8221;off&#8221; show_categories=&#8221;off&#8221; show_pagination=&#8221;off&#8221; offset_number=&#8221;0&#8243; _builder_version=&#8221;3.0.79&#8243; fullwidth=&#8221;off&#8221; include_categories=&#8221;1&#8243; header_font_size=&#8221;16px&#8221; body_font_size=&#8221;0px&#8221;][\/et_pb_blog][\/et_pb_column][\/et_pb_section][et_pb_section fb_built=&#8221;1&#8243; background_color=&#8221;#1f6462&#8243; _builder_version=&#8221;3.0.71&#8243; custom_padding=&#8221;0px|0px|0px|0px&#8221; global_module=&#8221;265&#8243;][et_pb_row custom_padding=&#8221;50px|0px|52px|0px&#8221; _builder_version=&#8221;3.0.47&#8243; background_size=&#8221;initial&#8221; background_position=&#8221;top_left&#8221; background_repeat=&#8221;repeat&#8221; _i=&#8221;0&#8243; _address=&#8221;2.0&#8243;][et_pb_column type=&#8221;1_3&#8243; _builder_version=&#8221;3.0.47&#8243; parallax=&#8221;off&#8221; parallax_method=&#8221;on&#8221;][et_pb_signup provider=&#8221;feedburner&#8221; title=&#8221;Receba as novidade sobre o Sistema FAEPA&#8221; button_text=&#8221;receber novidades&#8221; use_background_color=&#8221;off&#8221; _builder_version=&#8221;3.0.71&#8243; header_font_size=&#8221;20px&#8221; text_orientation=&#8221;center&#8221; custom_button=&#8221;on&#8221; button_text_size=&#8221;17px&#8221; button_border_radius=&#8221;60px&#8221;]<\/p>\n<p>Cadastre seu e-mail abaixo<\/p>\n<p>[\/et_pb_signup][\/et_pb_column][et_pb_column type=&#8221;1_3&#8243; _builder_version=&#8221;3.0.47&#8243; parallax=&#8221;off&#8221; parallax_method=&#8221;on&#8221;][et_pb_text background_layout=&#8221;dark&#8221; _builder_version=&#8221;3.0.71&#8243; text_line_height=&#8221;1em&#8221;]<\/p>\n<h2><strong>(91) 4008-5300<\/strong><\/h2>\n<p>\u00a0<\/p>\n<h5>Manh\u00e3: 9h \u00e0s 12h30<\/h5>\n<h5>Tarde: 14h \u00e0s 18h30<\/h5>\n<h5>\u00a0<\/h5>\n<h5>Trav. Dr. Moraes, n\u00b021 &#8211; Edificio Pal\u00e1cio da Agricultura, 8\u00b0 andar &#8211; Bel\u00e9m &#8211; PA &#8211; CEP:66035 &#8211; 080<\/h5>\n<p>[\/et_pb_text][et_pb_social_media_follow link_shape=&#8221;circle&#8221; background_layout=&#8221;dark&#8221; _builder_version=&#8221;3.0.71&#8243;][et_pb_social_media_follow_network social_network=&#8221;facebook&#8221; url=&#8221;https:\/\/www.facebook.com\/FAEPA\/&#8221; _builder_version=&#8221;3.0.47&#8243; background_color=&#8221;#00c3aa&#8221; bg_color=&#8221;#00c3aa&#8221; link_shape=&#8221;circle&#8221; follow_button=&#8221;off&#8221; url_new_window=&#8221;on&#8221;]<\/p>\n<p>Facebook<\/p>\n<p>[\/et_pb_social_media_follow_network][et_pb_social_media_follow_network social_network=&#8221;twitter&#8221; url=&#8221;https:\/\/twitter.com\/sistemafaepa&#8221; _builder_version=&#8221;3.0.47&#8243; background_color=&#8221;#00c3aa&#8221; bg_color=&#8221;#00c3aa&#8221; link_shape=&#8221;circle&#8221; follow_button=&#8221;off&#8221; url_new_window=&#8221;on&#8221;]<\/p>\n<p>Twitter<\/p>\n<p>[\/et_pb_social_media_follow_network][et_pb_social_media_follow_network social_network=&#8221;instagram&#8221; url=&#8221;https:\/\/www.instagram.com\/sistemafaepa\/&#8221; _builder_version=&#8221;3.0.47&#8243; background_color=&#8221;#00c3aa&#8221; bg_color=&#8221;#00c3aa&#8221; link_shape=&#8221;circle&#8221; follow_button=&#8221;off&#8221; url_new_window=&#8221;on&#8221;]<\/p>\n<p>Instagram<\/p>\n<p>[\/et_pb_social_media_follow_network][\/et_pb_social_media_follow][\/et_pb_column][et_pb_column type=&#8221;1_3&#8243; _builder_version=&#8221;3.0.47&#8243; parallax=&#8221;off&#8221; parallax_method=&#8221;on&#8221;][et_pb_image src=&#8221;https:\/\/sistemafaepa.com.br\/senar\/wp-content\/uploads\/sites\/2\/2017\/09\/2017-09-06.png&#8221; url=&#8221;https:\/\/sistemafaepa.com.br\/&#8221; align=&#8221;center&#8221; _builder_version=&#8221;3.0.71&#8243; max_width=&#8221;220px&#8221; animation_style=&#8221;slide&#8221; animation_direction=&#8221;left&#8221; animation_duration=&#8221;500ms&#8221; animation_intensity_slide=&#8221;10%&#8221; _i=&#8221;0&#8243; _address=&#8221;2.0.2.0&#8243;][\/et_pb_image][\/et_pb_column][\/et_pb_row][\/et_pb_section]<\/p>\n","protected":false},"excerpt":{"rendered":"<p>As grandes diretrizes do SENAR-PA s\u00e3o: &nbsp; O Servi\u00e7o Nacional de Aprendizagem Rural \u2013 Senar \u00e9 uma entidade privada vinculada \u00e0 Confedera\u00e7\u00e3o Nacional de Agricultura, administrado por um conselho formado por representantes dos produtores rurais, dos trabalhadores do campo e do governo federal. A administra\u00e7\u00e3o central do Senar, em Bras\u00edlia, capital brasileira, c \u2022 Atingir [&hellip;]<\/p>\n","protected":false},"author":1,"featured_media":0,"parent":0,"menu_order":0,"comment_status":"closed","ping_status":"closed","template":"","meta":{"_et_pb_use_builder":"on","_et_pb_old_content":"","_et_gb_content_width":"","footnotes":""},"class_list":["post-70","page","type-page","status-publish","hentry"],"_links":{"self":[{"href":"https:\/\/sistemafaepa.com.br\/senar\/wp-json\/wp\/v2\/pages\/70","targetHints":{"allow":["GET"]}}],"collection":[{"href":"https:\/\/sistemafaepa.com.br\/senar\/wp-json\/wp\/v2\/pages"}],"about":[{"href":"https:\/\/sistemafaepa.com.br\/senar\/wp-json\/wp\/v2\/types\/page"}],"author":[{"embeddable":true,"href":"https:\/\/sistemafaepa.com.br\/senar\/wp-json\/wp\/v2\/users\/1"}],"replies":[{"embeddable":true,"href":"https:\/\/sistemafaepa.com.br\/senar\/wp-json\/wp\/v2\/comments?post=70"}],"version-history":[{"count":0,"href":"https:\/\/sistemafaepa.com.br\/senar\/wp-json\/wp\/v2\/pages\/70\/revisions"}],"wp:attachment":[{"href":"https:\/\/sistemafaepa.com.br\/senar\/wp-json\/wp\/v2\/media?parent=70"}],"curies":[{"name":"wp","href":"https:\/\/api.w.org\/{rel}","templated":true}]}}