{"id":629,"date":"2017-10-10T15:12:59","date_gmt":"2017-10-10T18:12:59","guid":{"rendered":"http:\/\/sistemafaepa.com.br\/senar\/?page_id=629"},"modified":"2017-10-10T15:12:59","modified_gmt":"2017-10-10T18:12:59","slug":"assistencia-tecnica","status":"publish","type":"page","link":"https:\/\/sistemafaepa.com.br\/senar\/assistencia-tecnica\/","title":{"rendered":"Assist\u00eancia T\u00e9cnica"},"content":{"rendered":"<p>[et_pb_section fb_built=&#8221;1&#8243; inner_shadow=&#8221;on&#8221; fullwidth=&#8221;on&#8221; _builder_version=&#8221;3.22&#8243; background_color=&#8221;#1f6462&#8243; background_image=&#8221;https:\/\/sistemafaepa.com.br\/senar\/wp-content\/uploads\/sites\/2\/2017\/09\/BG-SENAR.jpg&#8221;][et_pb_fullwidth_header title=&#8221;Assist\u00eancia T\u00e9cnica&#8221; admin_label=&#8221;Fullwidth Header&#8221; _builder_version=&#8221;3.16&#8243; title_font=&#8221;|on|||&#8221; background_color=&#8221;rgba(255, 255, 255, 0)&#8221; button_one_text_size__hover_enabled=&#8221;off&#8221; button_two_text_size__hover_enabled=&#8221;off&#8221; button_one_text_color__hover_enabled=&#8221;off&#8221; button_two_text_color__hover_enabled=&#8221;off&#8221; button_one_border_width__hover_enabled=&#8221;off&#8221; button_two_border_width__hover_enabled=&#8221;off&#8221; button_one_border_color__hover_enabled=&#8221;off&#8221; button_two_border_color__hover_enabled=&#8221;off&#8221; button_one_border_radius__hover_enabled=&#8221;off&#8221; button_two_border_radius__hover_enabled=&#8221;off&#8221; button_one_letter_spacing__hover_enabled=&#8221;off&#8221; button_two_letter_spacing__hover_enabled=&#8221;off&#8221; button_one_bg_color__hover_enabled=&#8221;off&#8221; button_two_bg_color__hover_enabled=&#8221;off&#8221;][\/et_pb_fullwidth_header][\/et_pb_section][et_pb_section fb_built=&#8221;1&#8243; specialty=&#8221;on&#8221; _builder_version=&#8221;3.22&#8243; custom_padding=&#8221;3px|0px|54px|0px&#8221;][et_pb_column type=&#8221;3_4&#8243; specialty_columns=&#8221;3&#8243; _builder_version=&#8221;3.25&#8243; custom_padding=&#8221;|||&#8221; custom_padding__hover=&#8221;|||&#8221;][et_pb_row_inner _builder_version=&#8221;3.25&#8243; custom_padding=&#8221;1px|0px|29.6875px|0px&#8221;][et_pb_column_inner saved_specialty_column_type=&#8221;3_4&#8243; _builder_version=&#8221;3.25&#8243; custom_padding=&#8221;|||&#8221; custom_padding__hover=&#8221;|||&#8221;][et_pb_text admin_label=&#8221;Text&#8221; _builder_version=&#8221;3.27.4&#8243; background_size=&#8221;initial&#8221; background_position=&#8221;top_left&#8221; background_repeat=&#8221;repeat&#8221;]<\/p>\n<div class=\"header\">\n<p><a href=\"http:\/\/www.senar.org.br\/assistencia-tecnica-e-gerencial-senar\"><img decoding=\"async\" style=\"display: block;margin-left: auto;margin-right: auto\" src=\"http:\/\/www.senar.org.br\/sites\/all\/themes\/senar\/media\/images\/lgo\/assistencia-tecnica\/banner_Assistencia.jpg\" alt=\"Assist\u00eancia t\u00e9cnica e gerencial do rural \u00e0 mesa\" \/><\/a> Metodologia in\u00e9dita de assist\u00eancia t\u00e9cnica do SENAR com foco em adequa\u00e7\u00e3o tecnol\u00f3gica, capacita\u00e7\u00e3o, gest\u00e3o e meritocracia, fundamentada em 5 passos.<\/p>\n<table style=\"width: 726px\">\n<tbody>\n<tr>\n<td style=\"width: 312px\">\n<p style=\"text-align: left\"><a class=\"inserted\" href=\"http:\/\/www.senar.org.br\/rural-sustentavel\"><img decoding=\"async\" src=\"http:\/\/www.senar.org.br\/sites\/all\/themes\/senar\/media\/images\/lgo\/assistencia-tecnica\/banner_rural_sustentavel.jpg\" alt=\"Projeto Rural Sustent\u00e1vel\" width=\"400\" \/><\/a><\/p>\n<p style=\"text-align: left\">Assist\u00eancia T\u00e9cnica e Gerencial e implanta\u00e7\u00e3o de tecnologias de baixa emiss\u00e3o de Gases de Efeito Estufa (GEE) nos biomas Mata Atl\u00e2ntica e Amaz\u00f4nia.<\/p>\n<\/td>\n<td style=\"width: 43px\"><\/td>\n<td style=\"width: 349px\"><a href=\"http:\/\/www.senar.org.br\/do-rural-mesa\"><img decoding=\"async\" src=\"http:\/\/www.senar.org.br\/sites\/all\/themes\/senar\/media\/images\/lgo\/assistencia-tecnica\/banner_rural_a_mesa.jpg\" alt=\"Assist\u00eancia t\u00e9cnica e gerencial do rural \u00e0 mesa\" width=\"400\" \/><\/a> Um modelo produtivo, social e comercial entre grupos de horticultores e consumidores de alimentos, pautado na Assist\u00eancia T\u00e9cnica e Gerencial, na forma\u00e7\u00e3o profissional rural e na conscientiza\u00e7\u00e3o de estudantes de gastronomia.<\/td>\n<\/tr>\n<tr>\n<td style=\"width: 312px\"><a href=\"http:\/\/www.senar.org.br\/senar-em-campo\/videos\"><img decoding=\"async\" src=\"http:\/\/www.senar.org.br\/sites\/all\/themes\/senar\/media\/images\/lgo\/assistencia-tecnica\/banner_Senar_em_Campo-1.jpg\" alt=\"SENAR em campo\" width=\"400\" \/><\/a> Uma cole\u00e7\u00e3o de v\u00eddeos de curta dura\u00e7\u00e3o, com abordagem de temas sobre t\u00e9cnicas, inova\u00e7\u00f5es e tecnologias em diferentes cadeias produtivas.<\/td>\n<td style=\"width: 43px\"><\/td>\n<td style=\"width: 349px\"><a href=\"http:\/\/www.senar.org.br\/senar-em-campo\/historias-sucesso\"><img decoding=\"async\" src=\"http:\/\/www.senar.org.br\/sites\/all\/themes\/senar\/media\/images\/lgo\/assistencia-tecnica\/banner_Senar_em_Campo_Historias-1.jpg\" alt=\"SENAR em campo - hist\u00f3rias\" width=\"400\" \/><\/a> Uma s\u00e9rie que conta a hist\u00f3ria de parcerias vitoriosas entre t\u00e9cnicos de campo da Assist\u00eancia T\u00e9cnica e Gerencial do SENAR e produtores de todo o Pa\u00eds.<\/td>\n<\/tr>\n<tr>\n<td style=\"width: 312px\"><a href=\"http:\/\/www.senar.org.br\/projeto-mapa-leite\"><img decoding=\"async\" src=\"http:\/\/www.senar.org.br\/sites\/all\/themes\/senar\/media\/images\/lgo\/assistencia-tecnica\/banner_senar_em_campo_historias-mapa-leite.jpg\" alt=\"SENAR Mapa Leite\" width=\"400\" \/><\/a> Parceria entre MAPA e o SENAR para fornecer Assist\u00eancia T\u00e9cnica e Gerencial a 3.300 propriedades rurais, capacita\u00e7\u00e3o para produ\u00e7\u00e3o, transporte e beneficiamento de leite seguro e de qualidade.<\/td>\n<td style=\"width: 43px\"><\/td>\n<td style=\"width: 349px\"><\/td>\n<\/tr>\n<\/tbody>\n<\/table>\n<\/div>\n<p>[\/et_pb_text][\/et_pb_column_inner][\/et_pb_row_inner][et_pb_row_inner disabled_on=&#8221;on|on|on&#8221; _builder_version=&#8221;3.25&#8243; border_width_all=&#8221;1px&#8221; border_color_all=&#8221;rgba(51,51,51,0.13)&#8221; border_color_right=&#8221;rgba(51,51,51,0.13)&#8221; column_structure=&#8221;1_2,1_2&#8243;][et_pb_column_inner type=&#8221;1_2&#8243; saved_specialty_column_type=&#8221;3_4&#8243; _builder_version=&#8221;3.25&#8243; custom_padding=&#8221;|||&#8221; custom_padding__hover=&#8221;|||&#8221;][et_pb_text _builder_version=&#8221;3.27.4&#8243; text_font=&#8221;ABeeZee||||||||&#8221; text_text_color=&#8221;#137f62&#8243; text_font_size=&#8221;23px&#8221; text_line_height=&#8221;2.4em&#8221; custom_margin=&#8221;|||63px&#8221;]<\/p>\n<p>CONSULTE O EDITAL<\/p>\n<p>[\/et_pb_text][\/et_pb_column_inner][et_pb_column_inner type=&#8221;1_2&#8243; saved_specialty_column_type=&#8221;3_4&#8243; _builder_version=&#8221;3.25&#8243; custom_padding=&#8221;|||&#8221; custom_padding__hover=&#8221;|||&#8221;][et_pb_text _builder_version=&#8221;3.27.4&#8243;]<\/p>\n<p>Fa\u00e7a o download e leia o edital completo:<\/p>\n<p>\u00a0<a href=\"https:\/\/sistemafaepa.com.br\/senar\/wp-content\/uploads\/sites\/2\/2018\/07\/ATEG-SENAR-Par\u00e1-Edital_Credenciamento_ATeG_N_01_2018.pdf\" rel=\"attachment wp-att-1805\">EDITAL DE CREDENCIAMENTO ATeG<\/a><\/p>\n<p>[\/et_pb_text][\/et_pb_column_inner][\/et_pb_row_inner][et_pb_row_inner disabled_on=&#8221;on|on|on&#8221; _builder_version=&#8221;3.25&#8243; disabled=&#8221;on&#8221;][et_pb_column_inner saved_specialty_column_type=&#8221;3_4&#8243; _builder_version=&#8221;3.25&#8243; custom_padding=&#8221;|||&#8221; custom_padding__hover=&#8221;|||&#8221;][et_pb_tabs _builder_version=&#8221;3.9&#8243;][et_pb_tab title=&#8221;Pessoa Jur\u00eddica&#8221; _builder_version=&#8221;3.9&#8243; body_font=&#8221;||||||||&#8221; tab_font=&#8221;||||||||&#8221;]<\/p>\n<div role=\"form\" class=\"wpcf7\" id=\"wpcf7-f1783-o1\" dir=\"ltr\" lang=\"pt-BR\">\n<div class=\"screen-reader-response\"><a href=\"https:\/\/sistemafaepa.com.br\/senar\/wp-content\/uploads\/sites\/2\/2018\/07\/ATEG-SENAR-Par\u00e1-Edital_Credenciamento_ATeG_N_01_2018.pdf\" rel=\"attachment wp-att-1805\">EDITAL DE CREDENCIAMENTO ATeG<\/a><\/div>\n<div style=\"display: none\">    <\/div>\n<p><strong>DADOS CADASTRAIS DA PESSOA JUR\u00cdDICA<\/strong><\/p>\n<p>Inscri\u00e7\u00e3o para:<br \/> <span class=\"wpcf7-form-control-wrap checkbox-815\"><span class=\"wpcf7-form-control wpcf7-checkbox wpcf7-validates-as-required\"><span class=\"wpcf7-list-item first\"><span class=\"wpcf7-list-item-label\">T\u00e9cnico de Campo<\/span><\/span><span class=\"wpcf7-list-item last\"><span class=\"wpcf7-list-item-label\">Supervisor<\/span><\/span><\/span><\/span><\/p>\n<p>Raz\u00e3o Social:*<br \/> <span class=\"wpcf7-form-control-wrap razao\"><\/span><\/p>\n<p>Nome Fantasia:*<br \/> <span class=\"wpcf7-form-control-wrap fantasia\"><\/span><\/p>\n<p>CNPJ:*<br \/> <span class=\"wpcf7-form-control-wrap cnpj\"><\/span><\/p>\n<p>Optante do Simples:*<br \/> <span class=\"wpcf7-form-control-wrap radio-136\"><span class=\"wpcf7-form-control wpcf7-radio\"><span class=\"wpcf7-list-item first\"><span class=\"wpcf7-list-item-label\">Sim<\/span><\/span><span class=\"wpcf7-list-item last\"><span class=\"wpcf7-list-item-label\">N\u00e3o<\/span><\/span><\/span><\/span><\/p>\n<p>Descri\u00e7\u00e3o do Objeto Social:<br \/> <span class=\"wpcf7-form-control-wrap textarea-907\"><textarea name=\"textarea-907\" cols=\"40\" rows=\"10\" class=\"wpcf7-form-control wpcf7-textarea\"><\/textarea><\/span><\/p>\n<p>Endere\u00e7o:<br \/> <span class=\"wpcf7-form-control-wrap endereco\"><\/span><\/p>\n<p>Cidade:<br \/> <span class=\"wpcf7-form-control-wrap cidade\"><\/span><\/p>\n<p>UF:<br \/> <span class=\"wpcf7-form-control-wrap menu-249\"><br \/>\nAC<br \/>\nAL<br \/>\nAM<br \/>\nAP<br \/>\nBA<br \/>\nCE<br \/>\nDF<br \/>\nES<br \/>\nGO<br \/>\nMA<br \/>\nMG<br \/>\nMS<br \/>\nMT<br \/>\nPA<br \/>\nPB<br \/>\nPE<br \/>\nPI<br \/>\nPR<br \/>\nRJ<br \/>\nRN<br \/>\nRO<br \/>\nRR<br \/>\nRS<br \/>\nSC<br \/>\nSE<br \/>\nSP<br \/>\nTO<br \/>\n<\/span><\/p>\n<p>CEP:<br \/> <span class=\"wpcf7-form-control-wrap cep\"><\/span><\/p>\n<p>E-mail:*<br \/> <span class=\"wpcf7-form-control-wrap email\"><\/span><\/p>\n<p>Representante Legal:<br \/> <span class=\"wpcf7-form-control-wrap representante\"><\/span><\/p>\n<p>RG:<br \/> <span class=\"wpcf7-form-control-wrap RG\"><\/span><\/p>\n<p>CPF:<br \/> <span class=\"wpcf7-form-control-wrap cpf\"><\/span><\/p>\n<p><strong>RELA\u00c7\u00c3O DOS PROFISSIONAIS INDICADOS<\/strong><\/p>\n<p>Preencha com Nome, CPF e Forma\u00e7\u00e3o dos indicados:<br \/> <span class=\"wpcf7-form-control-wrap textarea-indicados\"><textarea name=\"textarea-indicados\" cols=\"40\" rows=\"10\" class=\"wpcf7-form-control wpcf7-textarea\"><\/textarea><\/span><\/p>\n<p><span class=\"ajax-loader\"><\/span><\/p>\n<div class=\"wpcf7-response-output wpcf7-display-none\"><\/div>\n<\/div>\n<p>[\/et_pb_tab][et_pb_tab title=&#8221;Dados do Profissional Indicado&#8221; _builder_version=&#8221;3.9&#8243;]\n<div class=\"wpcf7 no-js\" id=\"wpcf7-f1793-o1\" lang=\"pt-BR\" dir=\"ltr\" data-wpcf7-id=\"1793\">\n<div class=\"screen-reader-response\"><p role=\"status\" aria-live=\"polite\" aria-atomic=\"true\"><\/p> <ul><\/ul><\/div>\n<form action=\"\/senar\/wp-json\/wp\/v2\/pages\/629#wpcf7-f1793-o1\" method=\"post\" class=\"wpcf7-form init\" aria-label=\"Formul\u00e1rios de contato\" enctype=\"multipart\/form-data\" novalidate=\"novalidate\" data-status=\"init\">\n<fieldset class=\"hidden-fields-container\"><input type=\"hidden\" name=\"_wpcf7\" value=\"1793\" \/><input type=\"hidden\" name=\"_wpcf7_version\" value=\"6.1.3\" \/><input type=\"hidden\" name=\"_wpcf7_locale\" value=\"pt_BR\" \/><input type=\"hidden\" name=\"_wpcf7_unit_tag\" value=\"wpcf7-f1793-o1\" \/><input type=\"hidden\" name=\"_wpcf7_container_post\" value=\"0\" \/><input type=\"hidden\" name=\"_wpcf7_posted_data_hash\" value=\"\" \/>\n<\/fieldset>\n<p><strong>DADOS PESSOAIS DO PROFISSIONAL INDICADO<\/strong>\n<\/p>\n<p>Inscri\u00e7\u00e3o para:\n<\/p>\n<p><span class=\"wpcf7-form-control-wrap\" data-name=\"checkbox-815\"><span class=\"wpcf7-form-control wpcf7-checkbox wpcf7-validates-as-required\"><span class=\"wpcf7-list-item first\"><input type=\"checkbox\" name=\"checkbox-815[]\" value=\"T\u00e9cnico de Campo\" \/><span class=\"wpcf7-list-item-label\">T\u00e9cnico de Campo<\/span><\/span><span class=\"wpcf7-list-item last\"><input type=\"checkbox\" name=\"checkbox-815[]\" value=\"Supervisor\" \/><span class=\"wpcf7-list-item-label\">Supervisor<\/span><\/span><\/span><\/span>\n<\/p>\n<p>Nome:\n<\/p>\n<p><span class=\"wpcf7-form-control-wrap\" data-name=\"text-nome\"><input size=\"40\" maxlength=\"400\" class=\"wpcf7-form-control wpcf7-text\" aria-invalid=\"false\" value=\"\" type=\"text\" name=\"text-nome\" \/><\/span>\n<\/p>\n<p>Data de Nascimento:\n<\/p>\n<p><span class=\"wpcf7-form-control-wrap\" data-name=\"date-Nascimento\"><input class=\"wpcf7-form-control wpcf7-date wpcf7-validates-as-date\" aria-invalid=\"false\" value=\"\" type=\"date\" name=\"date-Nascimento\" \/><\/span>\n<\/p>\n<p>Tipo de v\u00ednculo com a pessoa jur\u00eddica:\n<\/p>\n<p><span class=\"wpcf7-form-control-wrap\" data-name=\"textarea-vinculo\"><textarea cols=\"40\" rows=\"10\" maxlength=\"2000\" class=\"wpcf7-form-control wpcf7-textarea\" aria-invalid=\"false\" name=\"textarea-vinculo\"><\/textarea><\/span>\n<\/p>\n<p>RG:\n<\/p>\n<p><span class=\"wpcf7-form-control-wrap\" data-name=\"text-RG\"><input size=\"40\" maxlength=\"400\" class=\"wpcf7-form-control wpcf7-text\" aria-invalid=\"false\" value=\"\" type=\"text\" name=\"text-RG\" \/><\/span>\n<\/p>\n<p>CPF:\n<\/p>\n<p><span class=\"wpcf7-form-control-wrap\" data-name=\"text-cpf\"><input size=\"40\" maxlength=\"400\" class=\"wpcf7-form-control wpcf7-text\" aria-invalid=\"false\" value=\"\" type=\"text\" name=\"text-cpf\" \/><\/span>\n<\/p>\n<p>Estado Civil:\n<\/p>\n<p><span class=\"wpcf7-form-control-wrap\" data-name=\"text-estadocivil\"><input size=\"40\" maxlength=\"400\" class=\"wpcf7-form-control wpcf7-text\" aria-invalid=\"false\" value=\"\" type=\"text\" name=\"text-estadocivil\" \/><\/span>\n<\/p>\n<p>Profiss\u00e3o:\n<\/p>\n<p><span class=\"wpcf7-form-control-wrap\" data-name=\"text-profissao\"><input size=\"40\" maxlength=\"400\" class=\"wpcf7-form-control wpcf7-text\" aria-invalid=\"false\" value=\"\" type=\"text\" name=\"text-profissao\" \/><\/span>\n<\/p>\n<p>Inscri\u00e7\u00e3o no Conselho Regional:\n<\/p>\n<p><span class=\"wpcf7-form-control-wrap\" data-name=\"text-inscricao\"><input size=\"40\" maxlength=\"400\" class=\"wpcf7-form-control wpcf7-text\" aria-invalid=\"false\" value=\"\" type=\"text\" name=\"text-inscricao\" \/><\/span>\n<\/p>\n<p>E-mail:\n<\/p>\n<p><span class=\"wpcf7-form-control-wrap\" data-name=\"email-635\"><input size=\"40\" maxlength=\"400\" class=\"wpcf7-form-control wpcf7-email wpcf7-text wpcf7-validates-as-email\" aria-invalid=\"false\" value=\"\" type=\"email\" name=\"email-635\" \/><\/span>\n<\/p>\n<p>Telefone:\n<\/p>\n<p><span class=\"wpcf7-form-control-wrap\" data-name=\"tel-fone\"><input size=\"40\" maxlength=\"400\" class=\"wpcf7-form-control wpcf7-tel wpcf7-text wpcf7-validates-as-tel\" aria-invalid=\"false\" value=\"\" type=\"tel\" name=\"tel-fone\" \/><\/span>\n<\/p>\n<p>Celular:\n<\/p>\n<p><span class=\"wpcf7-form-control-wrap\" data-name=\"tel-celular\"><input size=\"40\" maxlength=\"400\" class=\"wpcf7-form-control wpcf7-tel wpcf7-text wpcf7-validates-as-tel\" aria-invalid=\"false\" value=\"\" type=\"tel\" name=\"tel-celular\" \/><\/span>\n<\/p>\n<p>Endere\u00e7o:\n<\/p>\n<p><span class=\"wpcf7-form-control-wrap\" data-name=\"endereco\"><input size=\"40\" maxlength=\"400\" class=\"wpcf7-form-control wpcf7-text wpcf7-validates-as-required\" aria-required=\"true\" aria-invalid=\"false\" value=\"\" type=\"text\" name=\"endereco\" \/><\/span>\n<\/p>\n<p>Cidade:\n<\/p>\n<p><span class=\"wpcf7-form-control-wrap\" data-name=\"cidade\"><input size=\"40\" maxlength=\"400\" class=\"wpcf7-form-control wpcf7-text wpcf7-validates-as-required\" aria-required=\"true\" aria-invalid=\"false\" value=\"\" type=\"text\" name=\"cidade\" \/><\/span>\n<\/p>\n<p>UF:\n<\/p>\n<p><span class=\"wpcf7-form-control-wrap\" data-name=\"menu-249\"><select class=\"wpcf7-form-control wpcf7-select\" aria-invalid=\"false\" name=\"menu-249\"><option value=\"AC\">AC<\/option><option value=\"AL\">AL<\/option><option value=\"AM\">AM<\/option><option value=\"AP\">AP<\/option><option value=\"BA\">BA<\/option><option value=\"CE\">CE<\/option><option value=\"DF\">DF<\/option><option value=\"ES\">ES<\/option><option value=\"GO\">GO<\/option><option value=\"MA\">MA<\/option><option value=\"MG\">MG<\/option><option value=\"MS\">MS<\/option><option value=\"MT\">MT<\/option><option value=\"PA\">PA<\/option><option value=\"PB\">PB<\/option><option value=\"PE\">PE<\/option><option value=\"PI\">PI<\/option><option value=\"PR\">PR<\/option><option value=\"RJ\">RJ<\/option><option value=\"RN\">RN<\/option><option value=\"RO\">RO<\/option><option value=\"RR\">RR<\/option><option value=\"RS\">RS<\/option><option value=\"SC\">SC<\/option><option value=\"SE\">SE<\/option><option value=\"SP\">SP<\/option><option value=\"TO\">TO<\/option><\/select><\/span>\n<\/p>\n<p>CEP:\n<\/p>\n<p><span class=\"wpcf7-form-control-wrap\" data-name=\"cep\"><input size=\"40\" maxlength=\"400\" class=\"wpcf7-form-control wpcf7-text wpcf7-validates-as-required\" aria-required=\"true\" aria-invalid=\"false\" value=\"\" type=\"text\" name=\"cep\" \/><\/span>\n<\/p>\n<p><strong>FORMA\u00c7\u00c3O ESCOLAR<\/strong>\n<\/p>\n<p>Grau de Forma\u00e7\u00e3o:\n<\/p>\n<p><span class=\"wpcf7-form-control-wrap\" data-name=\"text-formacao\"><input size=\"40\" maxlength=\"400\" class=\"wpcf7-form-control wpcf7-text\" aria-invalid=\"false\" value=\"\" type=\"text\" name=\"text-formacao\" \/><\/span>\n<\/p>\n<p>Curso:\n<\/p>\n<p><span class=\"wpcf7-form-control-wrap\" data-name=\"text-curso\"><input size=\"40\" maxlength=\"400\" class=\"wpcf7-form-control wpcf7-text\" aria-invalid=\"false\" value=\"\" type=\"text\" name=\"text-curso\" \/><\/span>\n<\/p>\n<p>Institui\u00e7\u00e3o de Ensino:\n<\/p>\n<p><span class=\"wpcf7-form-control-wrap\" data-name=\"text-instituicao\"><input size=\"40\" maxlength=\"400\" class=\"wpcf7-form-control wpcf7-text\" aria-invalid=\"false\" value=\"\" type=\"text\" name=\"text-instituicao\" \/><\/span>\n<\/p>\n<p>Ano de conclus\u00e3o:\n<\/p>\n<p><span class=\"wpcf7-form-control-wrap\" data-name=\"text-conclusao\"><input size=\"40\" maxlength=\"400\" class=\"wpcf7-form-control wpcf7-text\" aria-invalid=\"false\" value=\"\" type=\"text\" name=\"text-conclusao\" \/><\/span>\n<\/p>\n<p><strong>CURSOS DE APERFEI\u00c7OAMENTO RELACIONADOS AO OBJETO DO CREDENCIAMENTO<\/strong>\n<\/p>\n<p>Curso:\n<\/p>\n<p><span class=\"wpcf7-form-control-wrap\" data-name=\"text-curso2\"><input size=\"40\" maxlength=\"400\" class=\"wpcf7-form-control wpcf7-text\" aria-invalid=\"false\" value=\"\" type=\"text\" name=\"text-curso2\" \/><\/span>\n<\/p>\n<p>Institui\u00e7\u00e3o de Ensino:\n<\/p>\n<p><span class=\"wpcf7-form-control-wrap\" data-name=\"text-instituicao2\"><input size=\"40\" maxlength=\"400\" class=\"wpcf7-form-control wpcf7-text\" aria-invalid=\"false\" value=\"\" type=\"text\" name=\"text-instituicao2\" \/><\/span>\n<\/p>\n<p>Ano de conclus\u00e3o:\n<\/p>\n<p><span class=\"wpcf7-form-control-wrap\" data-name=\"text-conclusao2\"><input size=\"40\" maxlength=\"400\" class=\"wpcf7-form-control wpcf7-text\" aria-invalid=\"false\" value=\"\" type=\"text\" name=\"text-conclusao2\" \/><\/span>\n<\/p>\n<p>Carga hor\u00e1ria:\n<\/p>\n<p><span class=\"wpcf7-form-control-wrap\" data-name=\"text-carga\"><input size=\"40\" maxlength=\"400\" class=\"wpcf7-form-control wpcf7-text\" aria-invalid=\"false\" value=\"\" type=\"text\" name=\"text-carga\" \/><\/span>\n<\/p>\n<p><strong>INFORMA\u00c7\u00d5ES ADICIONAIS<\/strong>\n<\/p>\n<p>Seu arquivo de curr\u00edculo* (apenas documentos .png, .jpg, .doc, .docx e .pdf s\u00e3o aceitos).\n<\/p>\n<p><span class=\"wpcf7-form-control-wrap\" data-name=\"file-122\"><input size=\"40\" class=\"wpcf7-form-control wpcf7-file wpcf7-validates-as-required\" accept=\".doc,.docx,.pdf\" aria-required=\"true\" aria-invalid=\"false\" type=\"file\" name=\"file-122\" \/><\/span>\n<\/p>\n<p><input class=\"wpcf7-form-control wpcf7-submit has-spinner button button2\" type=\"submit\" value=\"ENVIAR\" \/>\n<\/p><div class=\"wpcf7-response-output\" aria-hidden=\"true\"><\/div>\n<\/form>\n<\/div>\n<br \/>\n[\/et_pb_tab][\/et_pb_tabs][\/et_pb_column_inner][\/et_pb_row_inner][\/et_pb_column][et_pb_column type=&#8221;1_4&#8243; _builder_version=&#8221;3.25&#8243; custom_padding=&#8221;|||&#8221; custom_padding__hover=&#8221;|||&#8221;][et_pb_search exclude_pages=&#8221;off&#8221; placeholder=&#8221;Pesquisar&#8230;&#8221; _builder_version=&#8221;3.23&#8243; button_text_size__hover_enabled=&#8221;off&#8221; button_one_text_size__hover_enabled=&#8221;off&#8221; button_two_text_size__hover_enabled=&#8221;off&#8221; button_text_color__hover_enabled=&#8221;off&#8221; button_one_text_color__hover_enabled=&#8221;off&#8221; button_two_text_color__hover_enabled=&#8221;off&#8221; button_border_width__hover_enabled=&#8221;off&#8221; button_one_border_width__hover_enabled=&#8221;off&#8221; button_two_border_width__hover_enabled=&#8221;off&#8221; button_border_color__hover_enabled=&#8221;off&#8221; button_one_border_color__hover_enabled=&#8221;off&#8221; button_two_border_color__hover_enabled=&#8221;off&#8221; button_border_radius__hover_enabled=&#8221;off&#8221; button_one_border_radius__hover_enabled=&#8221;off&#8221; button_two_border_radius__hover_enabled=&#8221;off&#8221; button_letter_spacing__hover_enabled=&#8221;off&#8221; button_one_letter_spacing__hover_enabled=&#8221;off&#8221; button_two_letter_spacing__hover_enabled=&#8221;off&#8221; button_bg_color__hover_enabled=&#8221;off&#8221; button_one_bg_color__hover_enabled=&#8221;off&#8221; button_two_bg_color__hover_enabled=&#8221;off&#8221;][\/et_pb_search][et_pb_code]<iframe loading=\"lazy\" width=\"250\" height=\"141\" src=\"https:\/\/www.youtube.com\/embed\/Elp0Xhj501o?rel=0&amp;controls=0\" frameborder=\"0\" allowfullscreen><\/iframe>[\/et_pb_code][et_pb_divider color=&#8221;#c6c6c6&#8243; disabled_on=&#8221;on|on&#8221; _builder_version=&#8221;3.2&#8243; hide_on_mobile=&#8221;on&#8221;][\/et_pb_divider][et_pb_blog posts_number=&#8221;5&#8243; include_categories=&#8221;1&#8243; show_more=&#8221;on&#8221; show_author=&#8221;off&#8221; show_date=&#8221;off&#8221; show_categories=&#8221;off&#8221; show_pagination=&#8221;off&#8221; use_overlay=&#8221;on&#8221; _builder_version=&#8221;3.0.94&#8243; header_font_size=&#8221;16&#8243; body_font_size=&#8221;0&#8243; body_line_height=&#8221;0&#8243; pagination_font_size_tablet=&#8221;51&#8243; pagination_line_height_tablet=&#8221;2&#8243;][\/et_pb_blog][\/et_pb_column][\/et_pb_section]<\/p>\n","protected":false},"excerpt":{"rendered":"<p>Metodologia in\u00e9dita de assist\u00eancia t\u00e9cnica do SENAR com foco em adequa\u00e7\u00e3o tecnol\u00f3gica, capacita\u00e7\u00e3o, gest\u00e3o e meritocracia, fundamentada em 5 passos. Assist\u00eancia T\u00e9cnica e Gerencial e implanta\u00e7\u00e3o de tecnologias de baixa emiss\u00e3o de Gases de Efeito Estufa (GEE) nos biomas Mata Atl\u00e2ntica e Amaz\u00f4nia. Um modelo produtivo, social e comercial entre grupos de horticultores e consumidores [&hellip;]<\/p>\n","protected":false},"author":1,"featured_media":0,"parent":0,"menu_order":0,"comment_status":"closed","ping_status":"closed","template":"","meta":{"_et_pb_use_builder":"on","_et_pb_old_content":"","_et_gb_content_width":"","footnotes":""},"class_list":["post-629","page","type-page","status-publish","hentry"],"_links":{"self":[{"href":"https:\/\/sistemafaepa.com.br\/senar\/wp-json\/wp\/v2\/pages\/629","targetHints":{"allow":["GET"]}}],"collection":[{"href":"https:\/\/sistemafaepa.com.br\/senar\/wp-json\/wp\/v2\/pages"}],"about":[{"href":"https:\/\/sistemafaepa.com.br\/senar\/wp-json\/wp\/v2\/types\/page"}],"author":[{"embeddable":true,"href":"https:\/\/sistemafaepa.com.br\/senar\/wp-json\/wp\/v2\/users\/1"}],"replies":[{"embeddable":true,"href":"https:\/\/sistemafaepa.com.br\/senar\/wp-json\/wp\/v2\/comments?post=629"}],"version-history":[{"count":0,"href":"https:\/\/sistemafaepa.com.br\/senar\/wp-json\/wp\/v2\/pages\/629\/revisions"}],"wp:attachment":[{"href":"https:\/\/sistemafaepa.com.br\/senar\/wp-json\/wp\/v2\/media?parent=629"}],"curies":[{"name":"wp","href":"https:\/\/api.w.org\/{rel}","templated":true}]}}