{"id":620,"date":"2017-10-10T13:50:38","date_gmt":"2017-10-10T16:50:38","guid":{"rendered":"http:\/\/sistemafaepa.com.br\/senar\/?page_id=620"},"modified":"2017-10-10T13:50:38","modified_gmt":"2017-10-10T16:50:38","slug":"formacao-profissional","status":"publish","type":"page","link":"https:\/\/sistemafaepa.com.br\/senar\/formacao-profissional\/","title":{"rendered":"Forma\u00e7\u00e3o Profissional"},"content":{"rendered":"<p>[et_pb_section fb_built=&#8221;1&#8243; background_color=&#8221;#1f6462&#8243; inner_shadow=&#8221;on&#8221; fullwidth=&#8221;on&#8221; _builder_version=&#8221;3.0.71&#8243; background_image=&#8221;https:\/\/sistemafaepa.com.br\/senar\/wp-content\/uploads\/sites\/2\/2017\/09\/BG-SENAR.jpg&#8221;][et_pb_fullwidth_header title=&#8221;Forma\u00e7\u00e3o Profissional&#8221; background_layout=&#8221;dark&#8221; admin_label=&#8221;Fullwidth Header&#8221; _builder_version=&#8221;3.0.79&#8243; title_font=&#8221;|on|||&#8221; background_size=&#8221;initial&#8221; background_position=&#8221;top_left&#8221; background_repeat=&#8221;repeat&#8221;][\/et_pb_fullwidth_header][\/et_pb_section][et_pb_section fb_built=&#8221;1&#8243; specialty=&#8221;on&#8221; _builder_version=&#8221;3.0.47&#8243; custom_padding=&#8221;3px|0px|54px|0px&#8221;][et_pb_column type=&#8221;3_4&#8243; specialty_columns=&#8221;3&#8243; _builder_version=&#8221;3.0.47&#8243;][et_pb_row_inner _builder_version=&#8221;3.0.47&#8243;][et_pb_column_inner type=&#8221;4_4&#8243; saved_specialty_column_type=&#8221;3_4&#8243; _builder_version=&#8221;3.0.47&#8243; parallax=&#8221;off&#8221; parallax_method=&#8221;on&#8221;][et_pb_accordion _builder_version=&#8221;3.0.79&#8243; body_font=&#8221;||||&#8221; body_font_size=&#8221;16px&#8221; toggle_font=&#8221;|on|on||&#8221; toggle_font_size=&#8221;18px&#8221; icon_color=&#8221;#e09900&#8243;][et_pb_accordion_item title=&#8221;Atividades Relativas \u00e0 Presta\u00e7\u00e3o de Servi\u00e7os&#8221; _builder_version=&#8221;3.0.79&#8243; open=&#8221;on&#8221;]<\/p>\n<ul>\n<li><a href=\"http:\/\/www.senar.org.br\/curso\/pedreiro\"><span class=\"text\">Pedreiro<strong><\/strong><\/span><\/a><\/li>\n<li><a href=\"http:\/\/www.senar.org.br\/curso\/costureiro-0\"><span class=\"text\">Costureiro (a)<\/span><\/a><\/li>\n<li><a href=\"http:\/\/www.senar.org.br\/curso\/trabalhador-no-turismo-rural\"><span class=\"text\">Trabalhador no turismo rural<\/span><\/a><\/li>\n<li><a href=\"http:\/\/www.senar.org.br\/curso\/cerqueiro-0\"><span class=\"text\">Cerqueiro<\/span><\/a><\/li>\n<\/ul>\n<p>[\/et_pb_accordion_item][et_pb_accordion_item title=&#8221;Atividades de Apoio Agrossilvipastoril&#8221; _builder_version=&#8221;3.0.79&#8243; open=&#8221;off&#8221;]<\/p>\n<ul>\n<li><a href=\"http:\/\/www.senar.org.br\/curso\/trabalhador-na-operacao-e-manutencao-de-empilhadeiras\"><span class=\"text\">Trabalhador na opera\u00e7\u00e3o e manuten\u00e7\u00e3o de empilhadeiras\u00a0\u00a0<\/span><\/a><\/li>\n<li><a href=\"http:\/\/www.senar.org.br\/curso\/trabalhador-na-operacao-e-manutencao-carregadeiras\"><span class=\"text\">Trabalhador na opera\u00e7\u00e3o e manuten\u00e7\u00e3o carregadeiras<\/span><\/a><\/li>\n<li><a href=\"http:\/\/www.senar.org.br\/curso\/trabalhador-na-operacao-e-manutencao-de-trator-de-esteira\"><span class=\"text\">Trabalhador na opera\u00e7\u00e3o e manuten\u00e7\u00e3o de trator de esteira<\/span><\/a><\/li>\n<li><a href=\"http:\/\/www.senar.org.br\/curso\/trabalhador-na-operacao-e-manutencao-de-motosseras\"><span class=\"text\">Trabalhador na opera\u00e7\u00e3o e manuten\u00e7\u00e3o de motosseras<\/span><\/a><\/li>\n<li><a href=\"http:\/\/www.senar.org.br\/curso\/trabalhador-na-administracao-de-cooperativas\"><span class=\"text\">Trabalhador na administra\u00e7\u00e3o de cooperativas<\/span><\/a><\/li>\n<li><a href=\"http:\/\/www.senar.org.br\/curso\/trabalhador-na-operacao-e-manutencao-de-tratores-agricolas-0\"><span class=\"text\">Trabalhador na opera\u00e7\u00e3o e manuten\u00e7\u00e3o de tratores agr\u00edcolas<\/span><\/a><\/li>\n<li><a href=\"http:\/\/www.senar.org.br\/curso\/trabalhador-na-aplicacao-de-agrotoxicos-1\"><span class=\"text\">Trabalhador na aplica\u00e7\u00e3o de agr\u00f3toxicos<\/span><\/a><\/li>\n<li><a href=\"http:\/\/www.senar.org.br\/curso\/trabalhador-na-pesca-artesanal\"><span class=\"text\">Trabalhador na pesca artesanal<\/span><\/a><\/li>\n<li><a href=\"http:\/\/www.senar.org.br\/curso\/trabalhador-na-panificacao\"><span class=\"text\">Trabalhador na panifica\u00e7\u00e3o<\/span><\/a><\/li>\n<li><a href=\"http:\/\/www.senar.org.br\/curso\/trabalhador-no-beneficiamento-da-carne-bovina-e-suina\"><span class=\"text\">Trabalhador no beneficiamento da carne bovina e suina<\/span><\/a><\/li>\n<li><a href=\"http:\/\/www.senar.org.br\/curso\/trabalhador-na-fabricacao-de-produtos-de-higiene-e-limpeza\"><span class=\"text\">Trabalhador na fabrica\u00e7\u00e3o de produtos de higiene e limpeza<\/span><\/a><\/li>\n<li><a href=\"http:\/\/www.senar.org.br\/curso\/trabalhador-no-beneficiamento-primario-de-plantas-medicinais-e-aromaticas\"><span class=\"text\">Trabalhador no beneficiamento prim\u00e1rio de plantas medicinais e arom\u00e1ticas<\/span><\/a><\/li>\n<li><a href=\"http:\/\/www.senar.org.br\/curso\/trabalhador-na-carciniculturacamarao\"><span class=\"text\">Trabalhador na carcinicultura(camar\u00e3o)<\/span><\/a><\/li>\n<\/ul>\n<p>[\/et_pb_accordion_item][et_pb_accordion_item title=&#8221;Agricultura&#8221; _builder_version=&#8221;3.0.79&#8243; open=&#8221;off&#8221;]<\/p>\n<ul>\n<li><a href=\"http:\/\/www.senar.org.br\/curso\/trabalhador-na-agricultura-organica-0\"><span class=\"text\">Trabalhador na agricultura org\u00e2nica<\/span><\/a><\/li>\n<li><a href=\"http:\/\/www.senar.org.br\/curso\/trabalhador-em-viveiros-viverista\"><span class=\"text\">Trabalhador em Viveiros (viverista)<\/span><\/a><\/li>\n<li><a href=\"http:\/\/www.senar.org.br\/curso\/trabalhador-na-producao-de-sementes\"><span class=\"text\">Trabalhador na produ\u00e7\u00e3o de sementes<\/span><\/a><\/li>\n<li><a href=\"http:\/\/www.senar.org.br\/curso\/trabalhador-no-cultivo-de-plantas-medicinais-e-especiarias\"><span class=\"text\">Trabalhador no cultivo de plantas medicinais e especiarias<\/span><\/a><\/li>\n<li><a href=\"http:\/\/www.senar.org.br\/curso\/trabalhador-na-floricultura-0\"><span class=\"text\">Trabalhador na floricultura<\/span><\/a><\/li>\n<li><a href=\"http:\/\/www.senar.org.br\/curso\/trabalhador-na-fruticultura-basica-1\"><span class=\"text\">Trabalhador na fruticultura b\u00e1sica<\/span><\/a><\/li>\n<li><a href=\"http:\/\/www.senar.org.br\/curso\/trabalhador-na-olericultura-basica-0\"><span class=\"text\">Trabalhador na olericultura b\u00e1sica<\/span><\/a><\/li>\n<li><a href=\"http:\/\/www.senar.org.br\/curso\/trabalhador-de-cultivo-de-plantas-industriais-mandioca\"><span class=\"text\">Trabalhador de cultivo de plantas industriais (mandioca)<\/span><\/a><\/li>\n<li><a href=\"http:\/\/www.senar.org.br\/curso\/trabalhador-de-cultivo-de-graos-e-oleaginosas\"><span class=\"text\">Trabalhador de cultivo de gr\u00e3os e oleaginosas<\/span><\/a><\/li>\n<\/ul>\n<p>[\/et_pb_accordion_item][et_pb_accordion_item title=&#8221;Pecu\u00e1ria&#8221; _builder_version=&#8221;3.0.79&#8243; open=&#8221;off&#8221;]<\/p>\n<ul>\n<li><a href=\"http:\/\/www.senar.org.br\/curso\/trabalhador-na-caprinocultura-0\"><span class=\"text\">Trabalhador na caprinocultura<\/span><\/a><\/li>\n<li><a href=\"http:\/\/www.senar.org.br\/curso\/trabalhador-na-bubalinocultura\"><span class=\"text\">Trabalhador na bubalinocultura<\/span><\/a><\/li>\n<li><a href=\"http:\/\/www.senar.org.br\/curso\/trabalhador-na-ovinocultura-0\"><span class=\"text\">Trabalhador na ovinocultura<\/span><\/a><\/li>\n<li><a href=\"http:\/\/www.senar.org.br\/curso\/trabalhador-na-doma-racional-de-equideos-0\"><span class=\"text\">Trabalhador na doma racional de equideos<\/span><\/a><\/li>\n<li><a href=\"http:\/\/www.senar.org.br\/curso\/trabalhador-na-inseminacao-artificial-de-bovinos\"><span class=\"text\">Trabalhador na insemina\u00e7\u00e3o artificial de bovinos<\/span><\/a><\/li>\n<li><a href=\"http:\/\/www.senar.org.br\/curso\/trabalhador-na-suinocultura-de-corte\"><span class=\"text\">Trabalhador na suinocultura de corte<\/span><\/a><\/li>\n<li><a href=\"http:\/\/www.senar.org.br\/curso\/trabalhador-na-equideocultura-0\"><span class=\"text\">Trabalhador na equideocultura<\/span><\/a><\/li>\n<li><a href=\"http:\/\/www.senar.org.br\/curso\/trabalhador-na-bovinocultua-de-leite\"><span class=\"text\">Trabalhador na bovinocultua de leite<\/span><\/a><\/li>\n<li><a href=\"http:\/\/www.senar.org.br\/curso\/trabalhdor-na-bovinocultura-de-corte\"><span class=\"text\">Trabalhdor na bovinocultura de corte<\/span><\/a><\/li>\n<li><a href=\"http:\/\/www.senar.org.br\/curso\/trabalhador-na-avicultura-de-corte-0\"><span class=\"text\">Trabalhador na avicultura de corte<\/span><\/a><\/li>\n<li><a href=\"http:\/\/www.senar.org.br\/curso\/trabalhador-na-avicultura-basica-0\"><span class=\"text\">Trabalhador na avicultura b\u00e1sica<\/span><\/a><\/li>\n<li><a href=\"http:\/\/www.senar.org.br\/curso\/trabalhador-na-apicultura\"><span class=\"text\">Trabalhador na apicultura<\/span><\/a><\/li>\n<\/ul>\n<p>[\/et_pb_accordion_item][et_pb_accordion_item title=&#8221;Silvicultura&#8221; _builder_version=&#8221;3.0.79&#8243; open=&#8221;off&#8221;]<\/p>\n<ul>\n<li><a href=\"http:\/\/www.senar.org.br\/curso\/trabalhador-no-reflorestamento\"><span class=\"text\">Trabalhador no reflorestamento<\/span><\/a><\/li>\n<li><a href=\"http:\/\/www.senar.org.br\/curso\/trabalhador-em-viveiro-de-essencias-florestais\"><span class=\"text\">Trabalhador em viveiro de ess\u00eancias florestais<\/span><\/a><\/li>\n<li><a href=\"http:\/\/www.senar.org.br\/curso\/trabalhador-em-sistemas-agroflorestais\"><span class=\"text\">Trabalhador em sistemas agroflorestais<\/span><\/a><\/li>\n<\/ul>\n<p>[\/et_pb_accordion_item][\/et_pb_accordion][\/et_pb_column_inner][\/et_pb_row_inner][\/et_pb_column][et_pb_column type=&#8221;1_4&#8243; _builder_version=&#8221;3.0.47&#8243;][et_pb_search exclude_pages=&#8221;off&#8221; exclude_posts=&#8221;off&#8221; placeholder=&#8221;Pesquisar&#8230;&#8221; _builder_version=&#8221;3.0.71&#8243; hide_button=&#8221;off&#8221;][\/et_pb_search][et_pb_code _builder_version=&#8221;3.0.71&#8243;]&lt;iframe width=&quot;250&quot; height=&quot;141&quot; src=&quot;https:\/\/www.youtube.com\/embed\/Elp0Xhj501o?rel=0&amp;controls=0&quot; frameborder=&quot;0&quot; allowfullscreen&gt;&lt;\/iframe&gt;[\/et_pb_code][et_pb_divider color=&#8221;#c6c6c6&#8243; show_divider=&#8221;on&#8221; divider_style=&#8221;solid&#8221; divider_position=&#8221;top&#8221; disabled_on=&#8221;on|on&#8221; _builder_version=&#8221;3.0.71&#8243; hide_on_mobile=&#8221;on&#8221;][\/et_pb_divider][et_pb_blog posts_number=&#8221;5&#8243; include_categories=&#8221;1&#8243; show_more=&#8221;on&#8221; show_author=&#8221;off&#8221; show_date=&#8221;off&#8221; show_categories=&#8221;off&#8221; show_pagination=&#8221;off&#8221; offset_number=&#8221;0&#8243; use_overlay=&#8221;on&#8221; _builder_version=&#8221;3.0.79&#8243; header_font_size=&#8221;16&#8243; body_font_size=&#8221;0&#8243; body_line_height=&#8221;0&#8243; pagination_font_size_tablet=&#8221;51&#8243; pagination_line_height_tablet=&#8221;2&#8243;][\/et_pb_blog][\/et_pb_column][\/et_pb_section]<\/p>\n","protected":false},"excerpt":{"rendered":"<p>Pedreiro Costureiro (a) Trabalhador no turismo rural Cerqueiro Trabalhador na opera\u00e7\u00e3o e manuten\u00e7\u00e3o de empilhadeiras\u00a0\u00a0 Trabalhador na opera\u00e7\u00e3o e manuten\u00e7\u00e3o carregadeiras Trabalhador na opera\u00e7\u00e3o e manuten\u00e7\u00e3o de trator de esteira Trabalhador na opera\u00e7\u00e3o e manuten\u00e7\u00e3o de motosseras Trabalhador na administra\u00e7\u00e3o de cooperativas Trabalhador na opera\u00e7\u00e3o e manuten\u00e7\u00e3o de tratores agr\u00edcolas Trabalhador na aplica\u00e7\u00e3o de agr\u00f3toxicos [&hellip;]<\/p>\n","protected":false},"author":1,"featured_media":0,"parent":0,"menu_order":0,"comment_status":"closed","ping_status":"closed","template":"","meta":{"_et_pb_use_builder":"on","_et_pb_old_content":"<p><iframe src=\"http:\/\/www.senar.org.br\/cursos\/formacao-profissional-rural?categoria=38#opcao-1\" width=\"1200\" height=\"1000\" frameborder=\"0\" allowfullscreen=\"allowfullscreen\"><\/iframe><\/p>","_et_gb_content_width":"","footnotes":""},"class_list":["post-620","page","type-page","status-publish","hentry"],"_links":{"self":[{"href":"https:\/\/sistemafaepa.com.br\/senar\/wp-json\/wp\/v2\/pages\/620","targetHints":{"allow":["GET"]}}],"collection":[{"href":"https:\/\/sistemafaepa.com.br\/senar\/wp-json\/wp\/v2\/pages"}],"about":[{"href":"https:\/\/sistemafaepa.com.br\/senar\/wp-json\/wp\/v2\/types\/page"}],"author":[{"embeddable":true,"href":"https:\/\/sistemafaepa.com.br\/senar\/wp-json\/wp\/v2\/users\/1"}],"replies":[{"embeddable":true,"href":"https:\/\/sistemafaepa.com.br\/senar\/wp-json\/wp\/v2\/comments?post=620"}],"version-history":[{"count":0,"href":"https:\/\/sistemafaepa.com.br\/senar\/wp-json\/wp\/v2\/pages\/620\/revisions"}],"wp:attachment":[{"href":"https:\/\/sistemafaepa.com.br\/senar\/wp-json\/wp\/v2\/media?parent=620"}],"curies":[{"name":"wp","href":"https:\/\/api.w.org\/{rel}","templated":true}]}}