{"id":5313,"date":"2024-02-06T17:23:15","date_gmt":"2024-02-06T20:23:15","guid":{"rendered":"https:\/\/sistemafaepa.com.br\/senar\/?page_id=5313"},"modified":"2026-03-20T11:01:41","modified_gmt":"2026-03-20T14:01:41","slug":"licitacoes-senar-para","status":"publish","type":"page","link":"https:\/\/sistemafaepa.com.br\/senar\/licitacoes-senar-para\/","title":{"rendered":"Licita\u00e7\u00f5es Senar Par\u00e1"},"content":{"rendered":"<p>[et_pb_section fb_built=&#8221;1&#8243; fullwidth=&#8221;on&#8221; _builder_version=&#8221;4.24.0&#8243; _module_preset=&#8221;default&#8221; background_color=&#8221;rgba(0,73,29,0.42)&#8221; global_colors_info=&#8221;{}&#8221;][et_pb_fullwidth_header title=&#8221;Licita\u00e7\u00f5es Senar Par\u00e1&#8221; _builder_version=&#8221;4.24.0&#8243; _module_preset=&#8221;default&#8221; background_color=&#8221;#003d1a&#8221; global_colors_info=&#8221;{}&#8221;][\/et_pb_fullwidth_header][\/et_pb_section][et_pb_section fb_built=&#8221;1&#8243; _builder_version=&#8221;4.27.4&#8243; custom_padding=&#8221;0px|||||&#8221; global_colors_info=&#8221;{}&#8221;][et_pb_row _builder_version=&#8221;4.27.4&#8243; background_color=&#8221;RGBA(255,255,255,0)&#8221; background_size=&#8221;initial&#8221; background_position=&#8221;top_left&#8221; background_repeat=&#8221;repeat&#8221; global_colors_info=&#8221;{}&#8221;][et_pb_column type=&#8221;4_4&#8243; _builder_version=&#8221;4.16&#8243; custom_padding=&#8221;|||&#8221; global_colors_info=&#8221;{}&#8221; custom_padding__hover=&#8221;|||&#8221;][et_pb_text _builder_version=&#8221;4.27.4&#8243; background_size=&#8221;initial&#8221; background_position=&#8221;top_left&#8221; background_repeat=&#8221;repeat&#8221; display_conditions=&#8221;W3siaWQiOiJiODE1MWNjOS0zMTM1LTQ0MjMtOGRhNS1hNWRiY2M5MWM5YTMiLCJjb25kaXRpb24iOiJkYXRlVGltZSIsImNvbmRpdGlvblNldHRpbmdzIjp7ImRpc3BsYXlSdWxlIjoiaXNBZnRlciIsImRhdGUiOiIyMDI0LTItNiIsInRpbWUiOiIwMDowMCIsIndlZWtkYXlzIjoifCIsImFsbERheSI6Im9uIiwiZnJvbVRpbWUiOiIwMDowMCIsInVudGlsVGltZSI6IjAwOjAwIiwicmVwZWF0Ijoib2ZmIiwicmVwZWF0RnJlcXVlbmN5IjoibW9udGhseSIsInJlcGVhdEZyZXF1ZW5jeVNwZWNpZmljRGF5cyI6IndlZWtseSIsInJlcGVhdEVuZCI6Im5ldmVyIiwicmVwZWF0VW50aWxEYXRlIjoiMjAyNC0yLTYiLCJyZXBlYXRUaW1lcyI6IjMiLCJhZG1pbkxhYmVsIjoiRGF0YSBob3JhIiwiZW5hYmxlQ29uZGl0aW9uIjoib24ifSwib3BlcmF0b3IiOiJPUiJ9XQ==&#8221; link_option_url=&#8221;https:\/\/sistemafaepa.com.br\/wp-content\/uploads\/2025\/04\/EDITAL-PREGAO-PRESENCIAL-001-2025-Aquisicao-de-Equip-de-Inform.pdf&#8221; link_option_url_new_window=&#8221;on&#8221; box_shadow_style=&#8221;preset2&#8243; global_colors_info=&#8221;{}&#8221;]<\/p>\n<h4 style=\"text-align: center;\"><strong><\/strong><\/h4>\n<h4 style=\"text-align: center;\"><strong>EDITAL DE PREG\u00c3O PRESENCIAL N\u00ba 002\/2026<\/strong><\/h4>\n<p>&nbsp;<\/p>\n<p style=\"text-align: center;\"><strong><a href='https:\/\/sistemafaepa.com.br\/wp-content\/uploads\/2026\/03\/EDITAL-PREGAO-PRESENCIAL-002-2026-Aquisicao-de-Veiculo.pdf' class='big-button biggreen' target=\"_blank\">CLIQUE AQUI PARA ACESSAR O EDITAL<\/a><\/strong><\/p>\n<p style=\"text-align: center;\"><strong><\/strong><\/p>\n<p>&nbsp;<\/p>\n<p>&nbsp;<\/p>\n<p><!-- \/divi:paragraph -->[\/et_pb_text][et_pb_text _builder_version=&#8221;4.27.4&#8243; background_size=&#8221;initial&#8221; background_position=&#8221;top_left&#8221; background_repeat=&#8221;repeat&#8221; display_conditions=&#8221;W3siaWQiOiJiODE1MWNjOS0zMTM1LTQ0MjMtOGRhNS1hNWRiY2M5MWM5YTMiLCJjb25kaXRpb24iOiJkYXRlVGltZSIsImNvbmRpdGlvblNldHRpbmdzIjp7ImRpc3BsYXlSdWxlIjoiaXNBZnRlciIsImRhdGUiOiIyMDI0LTItNiIsInRpbWUiOiIwMDowMCIsIndlZWtkYXlzIjoifCIsImFsbERheSI6Im9uIiwiZnJvbVRpbWUiOiIwMDowMCIsInVudGlsVGltZSI6IjAwOjAwIiwicmVwZWF0Ijoib2ZmIiwicmVwZWF0RnJlcXVlbmN5IjoibW9udGhseSIsInJlcGVhdEZyZXF1ZW5jeVNwZWNpZmljRGF5cyI6IndlZWtseSIsInJlcGVhdEVuZCI6Im5ldmVyIiwicmVwZWF0VW50aWxEYXRlIjoiMjAyNC0yLTYiLCJyZXBlYXRUaW1lcyI6IjMiLCJhZG1pbkxhYmVsIjoiRGF0YSBob3JhIiwiZW5hYmxlQ29uZGl0aW9uIjoib24ifSwib3BlcmF0b3IiOiJPUiJ9XQ==&#8221; link_option_url=&#8221;https:\/\/sistemafaepa.com.br\/wp-content\/uploads\/2025\/04\/EDITAL-PREGAO-PRESENCIAL-001-2025-Aquisicao-de-Equip-de-Inform.pdf&#8221; link_option_url_new_window=&#8221;on&#8221; box_shadow_style=&#8221;preset2&#8243; global_colors_info=&#8221;{}&#8221;]<\/p>\n<h4 style=\"text-align: center;\"><strong><\/strong><\/h4>\n<p>&nbsp;<\/p>\n<h4 style=\"text-align: center;\"><strong>EDITAL DE PREG\u00c3O PRESENCIAL N\u00ba 001\/2026<\/strong><\/h4>\n<p>&nbsp;<\/p>\n<p style=\"text-align: center;\"><strong><a href='https:\/\/sistemafaepa.com.br\/wp-content\/uploads\/2026\/03\/EDITAL-PREGAO-PRESENCIAL-001-2026-Serv-de-Motorista.pdf' class='big-button biggreen' target=\"_blank\">CLIQUE AQUI PARA ACESSAR O EDITAL<\/a><\/strong><\/p>\n<p style=\"text-align: center;\"><strong><\/strong><\/p>\n<p style=\"text-align: center;\">\n<p>&nbsp;<\/p>\n<p>&nbsp;<\/p>\n<p>&nbsp;<\/p>\n<p>&nbsp;<\/p>\n<p>&nbsp;<\/p>\n<p><!-- \/divi:paragraph -->[\/et_pb_text][et_pb_text _builder_version=&#8221;4.27.4&#8243; background_size=&#8221;initial&#8221; background_position=&#8221;top_left&#8221; background_repeat=&#8221;repeat&#8221; display_conditions=&#8221;W3siaWQiOiJiODE1MWNjOS0zMTM1LTQ0MjMtOGRhNS1hNWRiY2M5MWM5YTMiLCJjb25kaXRpb24iOiJkYXRlVGltZSIsImNvbmRpdGlvblNldHRpbmdzIjp7ImRpc3BsYXlSdWxlIjoiaXNBZnRlciIsImRhdGUiOiIyMDI0LTItNiIsInRpbWUiOiIwMDowMCIsIndlZWtkYXlzIjoifCIsImFsbERheSI6Im9uIiwiZnJvbVRpbWUiOiIwMDowMCIsInVudGlsVGltZSI6IjAwOjAwIiwicmVwZWF0Ijoib2ZmIiwicmVwZWF0RnJlcXVlbmN5IjoibW9udGhseSIsInJlcGVhdEZyZXF1ZW5jeVNwZWNpZmljRGF5cyI6IndlZWtseSIsInJlcGVhdEVuZCI6Im5ldmVyIiwicmVwZWF0VW50aWxEYXRlIjoiMjAyNC0yLTYiLCJyZXBlYXRUaW1lcyI6IjMiLCJhZG1pbkxhYmVsIjoiRGF0YSBob3JhIiwiZW5hYmxlQ29uZGl0aW9uIjoib24ifSwib3BlcmF0b3IiOiJPUiJ9XQ==&#8221; link_option_url=&#8221;https:\/\/sistemafaepa.com.br\/wp-content\/uploads\/2025\/04\/EDITAL-PREGAO-PRESENCIAL-001-2025-Aquisicao-de-Equip-de-Inform.pdf&#8221; link_option_url_new_window=&#8221;on&#8221; box_shadow_style=&#8221;preset2&#8243; global_colors_info=&#8221;{}&#8221;]<\/p>\n<h4 style=\"text-align: center;\"><strong><\/strong><\/h4>\n<h4 style=\"text-align: center;\"><strong>EDITAL DE PREG\u00c3O PRESENCIAL N\u00ba 002\/2025<\/strong><\/h4>\n<p>&nbsp;<\/p>\n<p style=\"text-align: center;\"><strong><a href='https:\/\/sistemafaepa.com.br\/senar\/wp-content\/uploads\/sites\/2\/2025\/06\/EDITAL-DE-PREGAO-PRESENCIAL-No-002_desktop_modificado-09-06.pdf' class='big-button biggreen' target=\"_blank\">CLIQUE AQUI PARA ACESSAR O EDITAL<\/a><\/strong><\/p>\n<p style=\"text-align: center;\"><strong><a href='https:\/\/sistemafaepa.com.br\/senar\/wp-content\/uploads\/sites\/2\/2025\/07\/licitacao.pdf' class='big-button biggreen' target=\"_blank\">RESULTADO<\/a><\/strong><\/p>\n<p style=\"text-align: center;\"><strong><\/strong><\/p>\n<p style=\"text-align: center;\"><strong><\/strong><\/p>\n<p style=\"text-align: center;\"><strong><\/strong><\/p>\n<p style=\"text-align: center;\"><strong>Bel\u00e9m, 09 de Junho de 2025<\/strong><\/p>\n<p>&nbsp;<\/p>\n<p><!-- \/divi:paragraph -->[\/et_pb_text][et_pb_text _builder_version=&#8221;4.27.4&#8243; background_size=&#8221;initial&#8221; background_position=&#8221;top_left&#8221; background_repeat=&#8221;repeat&#8221; display_conditions=&#8221;W3siaWQiOiJiODE1MWNjOS0zMTM1LTQ0MjMtOGRhNS1hNWRiY2M5MWM5YTMiLCJjb25kaXRpb24iOiJkYXRlVGltZSIsImNvbmRpdGlvblNldHRpbmdzIjp7ImRpc3BsYXlSdWxlIjoiaXNBZnRlciIsImRhdGUiOiIyMDI0LTItNiIsInRpbWUiOiIwMDowMCIsIndlZWtkYXlzIjoifCIsImFsbERheSI6Im9uIiwiZnJvbVRpbWUiOiIwMDowMCIsInVudGlsVGltZSI6IjAwOjAwIiwicmVwZWF0Ijoib2ZmIiwicmVwZWF0RnJlcXVlbmN5IjoibW9udGhseSIsInJlcGVhdEZyZXF1ZW5jeVNwZWNpZmljRGF5cyI6IndlZWtseSIsInJlcGVhdEVuZCI6Im5ldmVyIiwicmVwZWF0VW50aWxEYXRlIjoiMjAyNC0yLTYiLCJyZXBlYXRUaW1lcyI6IjMiLCJhZG1pbkxhYmVsIjoiRGF0YSBob3JhIiwiZW5hYmxlQ29uZGl0aW9uIjoib24ifSwib3BlcmF0b3IiOiJPUiJ9XQ==&#8221; link_option_url=&#8221;https:\/\/sistemafaepa.com.br\/wp-content\/uploads\/2025\/04\/EDITAL-PREGAO-PRESENCIAL-001-2025-Aquisicao-de-Equip-de-Inform.pdf&#8221; link_option_url_new_window=&#8221;on&#8221; box_shadow_style=&#8221;preset2&#8243; global_colors_info=&#8221;{}&#8221;]<\/p>\n<h4 style=\"text-align: center;\"><strong><\/strong><\/h4>\n<h4 style=\"text-align: center;\"><strong>EDITAL DE PREG\u00c3O PRESENCIAL N\u00ba 001\/2025<\/strong><\/h4>\n<p>&nbsp;<\/p>\n<p style=\"text-align: center;\"><strong><a href='https:\/\/sistemafaepa.com.br\/wp-content\/uploads\/2025\/04\/EDITAL-PREGAO-PRESENCIAL-001-2025-Aquisicao-de-Equip-de-Inform.pdf' class='big-button biggreen' target=\"_blank\">CLIQUE AQUI PARA ACESSAR O EDITAL<\/a><\/strong><\/p>\n<p style=\"text-align: center;\"><strong><\/strong><\/p>\n<p style=\"text-align: center;\"><strong><\/strong><\/p>\n<p style=\"text-align: center;\"><strong><\/strong><\/p>\n<p style=\"text-align: center;\"><strong>Bel\u00e9m, 29 de Abril de 2025<\/strong><\/p>\n<p><!-- \/divi:paragraph --><\/p>\n<p>[\/et_pb_text][\/et_pb_column][\/et_pb_row][et_pb_row _builder_version=&#8221;4.27.4&#8243; background_size=&#8221;initial&#8221; background_position=&#8221;top_left&#8221; background_repeat=&#8221;repeat&#8221; custom_margin=&#8221;2px|auto||auto||&#8221; global_colors_info=&#8221;{}&#8221;][et_pb_column type=&#8221;4_4&#8243; _builder_version=&#8221;4.16&#8243; custom_padding=&#8221;|||&#8221; global_colors_info=&#8221;{}&#8221; custom_padding__hover=&#8221;|||&#8221;][et_pb_text _builder_version=&#8221;4.27.4&#8243; background_size=&#8221;initial&#8221; background_position=&#8221;top_left&#8221; background_repeat=&#8221;repeat&#8221; display_conditions=&#8221;W3siaWQiOiJiODE1MWNjOS0zMTM1LTQ0MjMtOGRhNS1hNWRiY2M5MWM5YTMiLCJjb25kaXRpb24iOiJkYXRlVGltZSIsImNvbmRpdGlvblNldHRpbmdzIjp7ImRpc3BsYXlSdWxlIjoiaXNBZnRlciIsImRhdGUiOiIyMDI0LTItNiIsInRpbWUiOiIwMDowMCIsIndlZWtkYXlzIjoifCIsImFsbERheSI6Im9uIiwiZnJvbVRpbWUiOiIwMDowMCIsInVudGlsVGltZSI6IjAwOjAwIiwicmVwZWF0Ijoib2ZmIiwicmVwZWF0RnJlcXVlbmN5IjoibW9udGhseSIsInJlcGVhdEZyZXF1ZW5jeVNwZWNpZmljRGF5cyI6IndlZWtseSIsInJlcGVhdEVuZCI6Im5ldmVyIiwicmVwZWF0VW50aWxEYXRlIjoiMjAyNC0yLTYiLCJyZXBlYXRUaW1lcyI6IjMiLCJhZG1pbkxhYmVsIjoiRGF0YSBob3JhIiwiZW5hYmxlQ29uZGl0aW9uIjoib24ifSwib3BlcmF0b3IiOiJPUiJ9XQ==&#8221; link_option_url_new_window=&#8221;on&#8221; box_shadow_style=&#8221;preset2&#8243; global_colors_info=&#8221;{}&#8221;]<\/p>\n<h3 style=\"text-align: center;\"><strong><\/strong><\/h3>\n<h3 style=\"text-align: center;\"><strong>Convite n\u00b0 001\/2025 &#8211; Edital<\/strong><strong><\/strong><\/h3>\n<p>&nbsp;<\/p>\n<p style=\"text-align: center;\"><strong><a href='https:\/\/sistemafaepa.com.br\/senar\/wp-content\/uploads\/sites\/2\/2025\/03\/Edital-de-Lic-Implant-Conf-Suporte-e-Trein-ao-Sist-SISGE.pdf' class='big-button biggreen' target=\"_blank\">CLIQUE AQUI PARA ACESSAR O EDITAL<\/a><\/strong><\/p>\n<p style=\"text-align: center;\"><strong><\/strong><\/p>\n<p style=\"text-align: center;\"><strong><\/strong><\/p>\n<p style=\"text-align: center;\"><strong><\/strong><\/p>\n<p style=\"text-align: center;\"><strong>Bel\u00e9m, 25 de Mar\u00e7o de 2025<\/strong><\/p>\n<p><!-- \/divi:paragraph --><\/p>\n<p>[\/et_pb_text][\/et_pb_column][\/et_pb_row][et_pb_row _builder_version=&#8221;4.27.4&#8243; _module_preset=&#8221;default&#8221; global_colors_info=&#8221;{}&#8221;][et_pb_column type=&#8221;4_4&#8243; _builder_version=&#8221;4.27.4&#8243; _module_preset=&#8221;default&#8221; global_colors_info=&#8221;{}&#8221;][et_pb_code _builder_version=&#8221;4.27.4&#8243; _module_preset=&#8221;default&#8221; global_colors_info=&#8221;{}&#8221;][\/et_pb_code][\/et_pb_column][\/et_pb_row][\/et_pb_section][et_pb_section fb_built=&#8221;1&#8243; fullwidth=&#8221;on&#8221; _builder_version=&#8221;4.24.0&#8243; _module_preset=&#8221;default&#8221; global_colors_info=&#8221;{}&#8221;][\/et_pb_section]<\/p>\n","protected":false},"excerpt":{"rendered":"<p>EDITAL DE PREG\u00c3O PRESENCIAL N\u00ba 002\/2026 &nbsp; <a href='https:\/\/sistemafaepa.com.br\/wp-content\/uploads\/2026\/03\/EDITAL-PREGAO-PRESENCIAL-002-2026-Aquisicao-de-Veiculo.pdf' class='big-button biggreen' target=\"_blank\">CLIQUE AQUI PARA ACESSAR O EDITAL<\/a> &nbsp; &nbsp; &nbsp; EDITAL DE PREG\u00c3O PRESENCIAL N\u00ba 001\/2026 &nbsp; <a href='https:\/\/sistemafaepa.com.br\/wp-content\/uploads\/2026\/03\/EDITAL-PREGAO-PRESENCIAL-001-2026-Serv-de-Motorista.pdf' class='big-button biggreen' target=\"_blank\">CLIQUE AQUI PARA ACESSAR O EDITAL<\/a> &nbsp; &nbsp; &nbsp; &nbsp; &nbsp; EDITAL DE PREG\u00c3O PRESENCIAL N\u00ba 002\/2025 &nbsp; <\/p>\n","protected":false},"author":12,"featured_media":0,"parent":0,"menu_order":0,"comment_status":"closed","ping_status":"closed","template":"","meta":{"_et_pb_use_builder":"on","_et_pb_old_content":"<!-- wp:paragraph -->\n<p>Convite n\u00b0 001\/2024, Objeto: contrata\u00e7\u00e3o de empresa especializada no fornecimento de combust\u00edvel (diesel \/ gasolina) e \u00f3leo lubrificante, data da abertura 09\/02\/2024, hor\u00e1rio 10h.<\/p>\n<!-- \/wp:paragraph -->","_et_gb_content_width":"","footnotes":""},"class_list":["post-5313","page","type-page","status-publish","hentry"],"_links":{"self":[{"href":"https:\/\/sistemafaepa.com.br\/senar\/wp-json\/wp\/v2\/pages\/5313","targetHints":{"allow":["GET"]}}],"collection":[{"href":"https:\/\/sistemafaepa.com.br\/senar\/wp-json\/wp\/v2\/pages"}],"about":[{"href":"https:\/\/sistemafaepa.com.br\/senar\/wp-json\/wp\/v2\/types\/page"}],"author":[{"embeddable":true,"href":"https:\/\/sistemafaepa.com.br\/senar\/wp-json\/wp\/v2\/users\/12"}],"replies":[{"embeddable":true,"href":"https:\/\/sistemafaepa.com.br\/senar\/wp-json\/wp\/v2\/comments?post=5313"}],"version-history":[{"count":35,"href":"https:\/\/sistemafaepa.com.br\/senar\/wp-json\/wp\/v2\/pages\/5313\/revisions"}],"predecessor-version":[{"id":5688,"href":"https:\/\/sistemafaepa.com.br\/senar\/wp-json\/wp\/v2\/pages\/5313\/revisions\/5688"}],"wp:attachment":[{"href":"https:\/\/sistemafaepa.com.br\/senar\/wp-json\/wp\/v2\/media?parent=5313"}],"curies":[{"name":"wp","href":"https:\/\/api.w.org\/{rel}","templated":true}]}}