{"id":224,"date":"2017-11-27T11:43:55","date_gmt":"2017-11-27T13:43:55","guid":{"rendered":"http:\/\/sistemafaepa.com.br\/fundepec\/?page_id=224"},"modified":"2017-11-27T11:43:55","modified_gmt":"2017-11-27T13:43:55","slug":"nucleos-regionais","status":"publish","type":"page","link":"https:\/\/sistemafaepa.com.br\/fundepec\/nucleos-regionais\/","title":{"rendered":"N\u00facleos Regionais"},"content":{"rendered":"<p>[et_pb_section bb_built=&#8221;1&#8243;][et_pb_row][et_pb_column type=&#8221;4_4&#8243;][et_pb_text _builder_version=&#8221;3.0.89&#8243; background_layout=&#8221;light&#8221;]<\/p>\n<h4><b>N\u00daCLEOS REGIONAIS\u00a0<\/b><b>de Produtores Rurais<\/b><\/h4>\n<div><b>Administra\u00e7\u00e3o Regional do Par\u00e1<\/b><\/div>\n<div><b>\u00a0<\/b><\/div>\n<div>\n<div><strong>BAIXO AMAZONAS<\/strong> &#8211; Alenquer, Almeirim, Belterra, Curu\u00e1, Faro, Juruti, Monte Alegre, \u00d3bidos, Oriximin\u00e1, Prainha, Santar\u00e9m, Terra Santa e Moju\u00ed dos Campos.<\/div>\n<div>Coordenador: ADINOR BATISTA DOS SANTOS<\/div>\n<div>Endere\u00e7o: <a href=\"https:\/\/maps.google.com\/?q=Av.+Ant%C3%B4nio+Sim%C3%B5es,+350+-+Santar%C3%A9m+-+CEP:+68030-290&amp;entry=gmail&amp;source=g\">Av. Ant\u00f4nio Sim\u00f5es, 350 &#8211; Santar\u00e9m &#8211; CEP: 68030-290<\/a><\/div>\n<div>Telefone: (93) 3522-1177\/ 3523-4242 \/ 3529-2929<\/div>\n<div>E-mail: <a href=\"mailto:adinor@faepanet.com.br\" target=\"_blank\" rel=\"noopener\">adinor@faepanet.com.br<\/a><\/div>\n<div><\/div>\n<div><strong>TRANSAMAZ\u00d4NICA<\/strong> &#8211; Altamira, Anap\u00fa, Brasil Novo, Medicil\u00e2ndia, Pacaj\u00e1, Placas, Senador Jos\u00e9 Porf\u00edrio, Uruar\u00e1, Vit\u00f3ria do Xingu.<\/div>\n<div>Coordenador: FRANCISCO ALBERTO DE CASTRO<\/div>\n<div>Endere\u00e7o: Rua Anchieta, 2187 &#8211; Bairro Perp\u00e9tuo Socorro, Altamira<\/div>\n<div>CEP: 68371-190<\/div>\n<div>Telefone: (93) 3515-1956<\/div>\n<div>E-mail: <a href=\"mailto:franciscoalebrto@faepanet.com.br\" target=\"_blank\" rel=\"noopener\">franciscoalebrto@faepanet.com.br<\/a><\/div>\n<div><\/div>\n<div><strong>TOCANTINS<\/strong> &#8211; Bai\u00e3o, Breu Branco, Camet\u00e1, Goian\u00e9sia do Par\u00e1, Mocajuba, Novo Repartimento, Tail\u00e2ndia, Tucuru\u00ed.<\/div>\n<div>Coordenador: JAHYR SEIXAS GON\u00c7ALVES<\/div>\n<div>Endere\u00e7o: <a href=\"https:\/\/maps.google.com\/?q=Av.+Governador+Alo%C3%ADsio+Chaves,+295.+Nova+Tucuru%C3%AD%C2%A0CEP:+68456-590&amp;entry=gmail&amp;source=g\">Av. Governador Alo\u00edsio Chaves, 295. Nova Tucuru\u00ed\u00a0<\/a><\/div>\n<div><a href=\"https:\/\/maps.google.com\/?q=Av.+Governador+Alo%C3%ADsio+Chaves,+295.+Nova+Tucuru%C3%AD%C2%A0CEP:+68456-590&amp;entry=gmail&amp;source=g\">CEP: 68456-590<\/a><\/div>\n<div>Telefone: (94) 3787-2725<\/div>\n<div>E-mail: <a href=\"mailto:jahyrseixas@faepanet.com.br\" target=\"_blank\" rel=\"noopener\">jahyrseixas@faepanet.com.br<\/a><\/div>\n<div><\/div>\n<div><strong>TAPAJ\u00d3S<\/strong> &#8211; Aveiro, Itaituba, Jacareacanga, Novo Progresso, Rur\u00f3polis, Trair\u00e3o.<\/div>\n<div>Coordenadora: ANT\u00d4NIA LEMOS GURGEL<\/div>\n<div>Endere\u00e7o: SPR &#8211; Rod. Transamaz\u00f4nica, Km 5 &#8211; Parque de Exposi\u00e7\u00e3o \u201cH\u00e9lio Mota Gueiros\u201d &#8211; Esc. Central &#8211; 6\u00aa Rua s\/n &#8211; Bairro Bela Vista &#8211; Itaituba CEP: 68180-170<\/div>\n<div>Telefone: (93) 3518-1166<\/div>\n<div>E-mail: <a href=\"mailto:antonia@faepanet.com.br\" target=\"_blank\" rel=\"noopener\">antonia@faepanet.com.br<\/a><\/div>\n<div><\/div>\n<div><strong>SUL DO PAR\u00c1<\/strong> &#8211; \u00c1gua Azul do Norte, Bannach, Concei\u00e7\u00e3o do Araguaia, Cumar\u00fa do Norte, Floresta do Araguaia, Ouril\u00e2ndia do Norte, Pau D\u2019Arco, Reden\u00e7\u00e3o, Rio Maria, Santa Maria das Barreiras, Santana do Araguaia, S\u00e3o F\u00e9lix do Xingu, Tucum\u00e3 e Xinguara.<\/div>\n<div>Coordenador: WALTEIR GOMES REZENDE<\/div>\n<div>Endere\u00e7o: Avenida Brasil Leste, 350 &#8211; Jardim Cumar\u00fa &#8211; Cx. Postal 71 &#8211; Parque de Exposi\u00e7\u00e3o &#8211; Reden\u00e7\u00e3o\u00a0 &#8211; CEP: 68551-240<\/div>\n<div>Telefone: (94) 3424-2233\/3491-0888<\/div>\n<div>E-mail: <a href=\"mailto:sindred@hotmail.com\" target=\"_blank\" rel=\"noopener\">sindred@hotmail.com<\/a><\/div>\n<div><\/div>\n<div><strong>CARAJ\u00c1S<\/strong> &#8211; Abel Figueiredo, Bom Jesus do Tocantins, Brejo Grande do Araguaia, Cana\u00e3 dos Caraj\u00e1s, Curion\u00f3polis, Eldorado dos Caraj\u00e1s, Itupiranga, Jacund\u00e1, Marab\u00e1, Nova Ipixuna, Palestina do Par\u00e1, Parauapebas, Pi\u00e7arra, Rondon do Par\u00e1, S\u00e3o Domingos do Araguaia, S\u00e3o Jo\u00e3o do Araguaia, S\u00e3o Geraldo do Araguaia e Sapucaia.<\/div>\n<div>Coordenador: ANT\u00d4NIO MIRANDA SOBRINHO<\/div>\n<div>Endere\u00e7o: PA-150 &#8211; Km 10 &#8211; P. de Exposi\u00e7\u00e3o &#8211; C.P. 213, Marab\u00e1-PA<\/div>\n<div>CEP: 68500-000<\/div>\n<div>Telefone: (94) 3323-4603 \/ 4646<\/div>\n<div><a href=\"mailto:E-mail%3Aamirandinha@hotmail.com\" target=\"_blank\" rel=\"noopener\">E-mail:amirandinha@hotmail.com<\/a><\/div>\n<div><\/div>\n<div><strong>GUAJARINA<\/strong> &#8211; Bujaru, Castanhal, Colares, Conc\u00f3rdia do Par\u00e1, Curu\u00e7\u00e1, Igarap\u00e9-A\u00e7\u00fa, Inhangapi, Magalh\u00e3es Barata, Maracan\u00e3, Marapanim, Santa Izabel do Par\u00e1, Santa Maria do Par\u00e1, Santo Ant\u00f4nio do Tau\u00e1, S\u00e3o Caetano de Odivelas, S\u00e3o Domingos do Capim, S\u00e3o Francisco do Par\u00e1, S\u00e3o Jo\u00e3o da Ponta, Terra Alta, Tom\u00e9-A\u00e7\u00fa e Vigia.<\/div>\n<div>Coordenador: GILBERTO NASCIMENTO BRITO<\/div>\n<div>Endere\u00e7o: SPR &#8211; BR-316 &#8211; Km 69 &#8211; Parque de Exposi\u00e7\u00e3o Castanhal &#8211; CEP: 68743-050<\/div>\n<div>Telefone: (91) 3711-6110 \/ 3721-7300 \/ 7107<\/div>\n<div>E-mail: <a href=\"mailto:gilbertobrito@faepanet.com.br\" target=\"_blank\" rel=\"noopener\">gilbertobrito@faepanet.com.br<\/a><\/div>\n<div><\/div>\n<div><strong>NORDESTE PARAENSE<\/strong> &#8211;\u00a0 Aurora do Par\u00e1, Dom Elizeu, Ipixuna do Par\u00e1, Irituia, M\u00e3e do Rio, Paragominas, S\u00e3o Miguel do Guam\u00e1, Ulian\u00f3polis.<\/div>\n<div>Coordenador: LUIS CARNEIRO DE OLIVEIRA<\/div>\n<div>Endere\u00e7o: SPR &#8211; Rod. PA &#8211; Km 125, s\/n &#8211; Parque de Exposi\u00e7\u00e3o &#8211;<\/div>\n<div>Caixa Postal 101 Paragominas &#8211; CEP: 68625-620<\/div>\n<div>Telefone: (91) 3729-1285 \/ 3729-3983<\/div>\n<div>E-mail: <a href=\"mailto:carneiro@faepanet.com.br\" target=\"_blank\" rel=\"noopener\">carneiro@faepanet.com.br<\/a><\/div>\n<div><\/div>\n<div><strong>BRAGANTINA<\/strong> &#8211; Augusto Corr\u00eaa, Bonito, Bragan\u00e7a, Cachoeira do Piri\u00e1, Capanema, Capit\u00e3o Po\u00e7o, Garraf\u00e3o do Norte, Irituia, Nova Esperan\u00e7a do Piri\u00e1, Nova Timboteua, Our\u00e9m, Peixe-Boi, Primavera, Quatipur\u00fa, Salin\u00f3polis, Santa Luzia, Santar\u00e9m Novo, S\u00e3o Jo\u00e3o de Pirabas, Tracuateua e Vizeu.<\/div>\n<div>Coordenador: THIAGO ARA\u00daJO<\/div>\n<div>Endere\u00e7o: Tv. Rui Barbosa, s\/n &#8211; EOB &#8211; CEP: 68700-030<\/div>\n<div>Capanema &#8211; Par\u00e1<\/div>\n<div>Telefone: (91) 3462-6077<\/div>\n<div>E-mail: <a href=\"mailto:thiago@faepanet.com.br\" target=\"_blank\" rel=\"noopener\">thiago@faepanet.com.br<\/a><\/div>\n<div><\/div>\n<div><strong>MARAJ\u00d3<\/strong> &#8211; Abaetetuba, Acar\u00e1, Afu\u00e1, Anaj\u00e1s, Ananindeua, Bagre, Barcarena, Bel\u00e9m, Benevides, Breves, Cachoeira do Arari, Chaves, Curralinho, Gurup\u00e1, Igarap\u00e9 Miri, Limoeiro do Ajuru, Marituba, Melga\u00e7o, Moju, Muan\u00e1, Oieras do Par\u00e1, Ponta de Pedras, Portel, Porto de Moz, Salvaterra, Santa B\u00e1rbara do Par\u00e1, Santa Cruz do Arari, S\u00e3o Sebasti\u00e3o da Boa Vista e Soure.<\/div>\n<div>Coordenador: ANT\u00d4NIO FRANCISCO DE ARA\u00daJO<\/div>\n<div>Endere\u00e7o: <a href=\"https:\/\/maps.google.com\/?q=Tv.+Dr.+Moraes,+21&amp;entry=gmail&amp;source=g\">Tv. Dr. Moraes, 21<\/a> &#8211; Ed. Pal\u00e1cio da Agricultura<\/div>\n<div>Bel\u00e9m &#8211; CEP: 66035-080<\/div>\n<div>Telefone: (91) 3246-3840 \/ 4008-5383<\/div>\n<div>E-mail: <a href=\"mailto:araujo@aruans.com.br\" target=\"_blank\" rel=\"noopener\">araujo@aruans.com.br<\/a><\/div>\n<\/div>\n<p>[\/et_pb_text][\/et_pb_column][\/et_pb_row][\/et_pb_section]<\/p>\n","protected":false},"excerpt":{"rendered":"<p><div class=\"et_pb_row et_pb_row_0 et_pb_row_empty\">\n\t\t\t\t\n\t\t\t\t\n\t\t\t\t\n\t\t\t\t\n\t\t\t\t\n\t\t\t<\/div> N\u00daCLEOS REGIONAIS\u00a0de Produtores Rurais Administra\u00e7\u00e3o Regional do Par\u00e1 \u00a0 BAIXO AMAZONAS &#8211; Alenquer, Almeirim, Belterra, Curu\u00e1, Faro, Juruti, Monte Alegre, \u00d3bidos, Oriximin\u00e1, Prainha, Santar\u00e9m, Terra Santa e Moju\u00ed dos Campos. Coordenador: ADINOR BATISTA DOS SANTOS Endere\u00e7o: Av. Ant\u00f4nio Sim\u00f5es, 350 &#8211; Santar\u00e9m &#8211; CEP: 68030-290 Telefone: (93) 3522-1177\/ 3523-4242 \/ 3529-2929 E-mail: adinor@faepanet.com.br TRANSAMAZ\u00d4NICA [&hellip;]<\/p>\n","protected":false},"author":1,"featured_media":0,"parent":0,"menu_order":0,"comment_status":"closed","ping_status":"closed","template":"","meta":{"_et_pb_use_builder":"on","_et_pb_old_content":"","_et_gb_content_width":"","footnotes":""},"class_list":["post-224","page","type-page","status-publish","hentry"],"_links":{"self":[{"href":"https:\/\/sistemafaepa.com.br\/fundepec\/wp-json\/wp\/v2\/pages\/224","targetHints":{"allow":["GET"]}}],"collection":[{"href":"https:\/\/sistemafaepa.com.br\/fundepec\/wp-json\/wp\/v2\/pages"}],"about":[{"href":"https:\/\/sistemafaepa.com.br\/fundepec\/wp-json\/wp\/v2\/types\/page"}],"author":[{"embeddable":true,"href":"https:\/\/sistemafaepa.com.br\/fundepec\/wp-json\/wp\/v2\/users\/1"}],"replies":[{"embeddable":true,"href":"https:\/\/sistemafaepa.com.br\/fundepec\/wp-json\/wp\/v2\/comments?post=224"}],"version-history":[{"count":0,"href":"https:\/\/sistemafaepa.com.br\/fundepec\/wp-json\/wp\/v2\/pages\/224\/revisions"}],"wp:attachment":[{"href":"https:\/\/sistemafaepa.com.br\/fundepec\/wp-json\/wp\/v2\/media?parent=224"}],"curies":[{"name":"wp","href":"https:\/\/api.w.org\/{rel}","templated":true}]}}