{"id":90,"date":"2017-09-21T14:09:17","date_gmt":"2017-09-21T17:09:17","guid":{"rendered":"http:\/\/sistemafaepa.com.br\/faepa\/?page_id=90"},"modified":"2024-10-16T15:03:37","modified_gmt":"2024-10-16T18:03:37","slug":"a-diretoria","status":"publish","type":"page","link":"https:\/\/sistemafaepa.com.br\/faepa\/a-diretoria\/","title":{"rendered":"A Diretoria"},"content":{"rendered":"<p>[et_pb_section fb_built=&#8221;1&#8243; inner_shadow=&#8221;on&#8221; fullwidth=&#8221;on&#8221; _builder_version=&#8221;4.16&#8243; background_color=&#8221;#1f6462&#8243; background_image=&#8221;https:\/\/sistemafaepa.com.br\/faepa\/wp-content\/uploads\/sites\/5\/2017\/09\/BG-SENAR.jpg&#8221; global_colors_info=&#8221;{}&#8221;][et_pb_fullwidth_header title=&#8221;A Diretoria&#8221; admin_label=&#8221;Fullwidth Header&#8221; _builder_version=&#8221;4.16&#8243; title_font=&#8221;|on|||&#8221; background_color=&#8221;rgba(255, 255, 255, 0)&#8221; global_colors_info=&#8221;{}&#8221; button_one_text_size__hover_enabled=&#8221;off&#8221; button_two_text_size__hover_enabled=&#8221;off&#8221; button_one_text_color__hover_enabled=&#8221;off&#8221; button_two_text_color__hover_enabled=&#8221;off&#8221; button_one_border_width__hover_enabled=&#8221;off&#8221; button_two_border_width__hover_enabled=&#8221;off&#8221; button_one_border_color__hover_enabled=&#8221;off&#8221; button_two_border_color__hover_enabled=&#8221;off&#8221; button_one_border_radius__hover_enabled=&#8221;off&#8221; button_two_border_radius__hover_enabled=&#8221;off&#8221; button_one_letter_spacing__hover_enabled=&#8221;off&#8221; button_two_letter_spacing__hover_enabled=&#8221;off&#8221; button_one_bg_color__hover_enabled=&#8221;off&#8221; button_two_bg_color__hover_enabled=&#8221;off&#8221;][\/et_pb_fullwidth_header][\/et_pb_section][et_pb_section fb_built=&#8221;1&#8243; specialty=&#8221;on&#8221; _builder_version=&#8221;4.16&#8243; custom_padding=&#8221;3px|0px|54px|0px&#8221; global_colors_info=&#8221;{}&#8221;][et_pb_column type=&#8221;3_4&#8243; specialty_columns=&#8221;3&#8243; _builder_version=&#8221;4.16&#8243; custom_padding=&#8221;|||&#8221; global_colors_info=&#8221;{}&#8221; custom_padding__hover=&#8221;|||&#8221;][et_pb_row_inner _builder_version=&#8221;4.16&#8243; global_colors_info=&#8221;{}&#8221;][et_pb_column_inner saved_specialty_column_type=&#8221;3_4&#8243; _builder_version=&#8221;4.16&#8243; custom_padding=&#8221;|||&#8221; global_colors_info=&#8221;{}&#8221; custom_padding__hover=&#8221;|||&#8221;][et_pb_text admin_label=&#8221;Text&#8221; _builder_version=&#8221;4.27.2&#8243; background_size=&#8221;initial&#8221; background_position=&#8221;top_left&#8221; background_repeat=&#8221;repeat&#8221; hover_enabled=&#8221;0&#8243; global_colors_info=&#8221;{}&#8221; sticky_enabled=&#8221;0&#8243;]<\/p>\n<h3 class=\"conteudo-titulo\"><strong><span style=\"color: #424242\">Diretoria<\/span> Faepa<\/strong><\/h3>\n<div class=\"conteudo-texto inserted\">\n<p class=\"inserted\"><strong>Gest\u00e3o 2023\/2027<\/strong><\/p>\n<p><strong>PRESIDENTE<\/strong><\/p>\n<p>Carlos Fernandes Xavier<\/p>\n<p><strong>VICE-PRESIDENTES<\/strong><\/p>\n<p>Vilson Jo\u00e3o Schuber<\/p>\n<p>Ant\u00f4nio Francisco de Ara\u00fajo<\/p>\n<p>Cl\u00e1udio Aparecido Zamperlini J\u00fanior<\/p>\n<p>Fern\u00e3o Villela Zancaner<\/p>\n<p>Joel Carvalho Lobato<\/p>\n<p><strong>DIRETORES<\/strong><\/p>\n<p><strong>Efetivos<\/strong><\/p>\n<p>Alfonso Marcos Rio<\/p>\n<p>Jos\u00e9 Nelson de Ara\u00fajo<\/p>\n<p>Jo\u00e3o Paulo Mota Melo da Rocha<\/p>\n<p>Guy Gon\u00e7alves Rangel<\/p>\n<p>Ricardo Guimar\u00e3es de Queiroz<\/p>\n<p>Adinor Batista Santos<\/p>\n<p>Walteir Gomes Rezende<\/p>\n<p>Francisco Caruso Neto<\/p>\n<p>Gilberto Nascimento Brito<\/p>\n<p><strong>Suplentes<\/strong><\/p>\n<p>Andre Felipe Klein<\/p>\n<p>Antonio Gomes Lima<\/p>\n<p>Antonio Henrique Gripp<\/p>\n<p>Antonio Vieira Caetano<\/p>\n<p>Benedito Luz de Souza Dutra<\/p>\n<p>Darlene Maria Pantoja da Silva<\/p>\n<p>Fabricio Gardin de Melo<\/p>\n<p>Francisco Alberto de Castro<\/p>\n<p>Geraldo Teotonio Jota<\/p>\n<p>Josaphat Paranhos de Azevedo Neto<\/p>\n<p>Marcia Cristina Zahluth Centeno<\/p>\n<p>Maria Iranilse Brasil Dias Pinheiro<\/p>\n<p>Maxiely Scaramussa Bergamin<\/p>\n<p>Paulo C\u00e9sar Justo Quartiero<\/p>\n<p>Shirley Cristina de Barros Malcher<\/p>\n<p><strong>CONSELHO<\/strong>\u00a0<strong>FISCAL<\/strong><\/p>\n<p><strong>Efetivos<\/strong><\/p>\n<p>Carmelino Carvalho Neres<\/p>\n<p>Guilherme Minssen<\/p>\n<p>Silverio Albano Fernandes<\/p>\n<p><strong>Suplentes<\/strong><\/p>\n<p>Agamenom da Silva Menezes<\/p>\n<p>Edno Valmor Cortezia<\/p>\n<p>Fernando Augusto de Ara\u00fajo Dacier Lobato<\/p>\n<p><strong>DELEGADOS<\/strong>\u00a0<strong>REPRESENTANTES<\/strong><\/p>\n<p><strong>Efetivos<\/strong>\u00a0<strong>junto<\/strong>\u00a0<strong>\u00e0<\/strong>\u00a0<strong>CNA<\/strong><\/p>\n<p>Carlos Fernandes Xavier<\/p>\n<p>Vilson Jo\u00e3o Schuber<\/p>\n<p><strong>Suplentes<\/strong>\u00a0<strong>junto<\/strong>\u00a0<strong>\u00e0<\/strong>\u00a0<strong>CNA<\/strong><\/p>\n<p>Joaquim Lira Maia<\/p>\n<p>Jone Kazuki Yamaguchi<\/p>\n<\/div>\n<p>[\/et_pb_text][\/et_pb_column_inner][\/et_pb_row_inner][\/et_pb_column][et_pb_column type=&#8221;1_4&#8243; _builder_version=&#8221;4.16&#8243; custom_padding=&#8221;|||&#8221; global_colors_info=&#8221;{}&#8221; custom_padding__hover=&#8221;|||&#8221;][et_pb_search exclude_pages=&#8221;off&#8221; placeholder=&#8221;Pesquisar&#8230;&#8221; _builder_version=&#8221;4.16&#8243; global_colors_info=&#8221;{}&#8221; button_text_size__hover_enabled=&#8221;off&#8221; button_one_text_size__hover_enabled=&#8221;off&#8221; button_two_text_size__hover_enabled=&#8221;off&#8221; button_text_color__hover_enabled=&#8221;off&#8221; button_one_text_color__hover_enabled=&#8221;off&#8221; button_two_text_color__hover_enabled=&#8221;off&#8221; button_border_width__hover_enabled=&#8221;off&#8221; button_one_border_width__hover_enabled=&#8221;off&#8221; button_two_border_width__hover_enabled=&#8221;off&#8221; button_border_color__hover_enabled=&#8221;off&#8221; button_one_border_color__hover_enabled=&#8221;off&#8221; button_two_border_color__hover_enabled=&#8221;off&#8221; button_border_radius__hover_enabled=&#8221;off&#8221; button_one_border_radius__hover_enabled=&#8221;off&#8221; button_two_border_radius__hover_enabled=&#8221;off&#8221; button_letter_spacing__hover_enabled=&#8221;off&#8221; button_one_letter_spacing__hover_enabled=&#8221;off&#8221; button_two_letter_spacing__hover_enabled=&#8221;off&#8221; button_bg_color__hover_enabled=&#8221;off&#8221; button_one_bg_color__hover_enabled=&#8221;off&#8221; button_two_bg_color__hover_enabled=&#8221;off&#8221;][\/et_pb_search][et_pb_code _builder_version=&#8221;4.16&#8243; global_colors_info=&#8221;{}&#8221;][\/et_pb_code][et_pb_divider color=&#8221;#c6c6c6&#8243; disabled_on=&#8221;on|on|off&#8221; _builder_version=&#8221;4.16&#8243; hide_on_mobile=&#8221;on&#8221; global_colors_info=&#8221;{}&#8221;][\/et_pb_divider][et_pb_blog posts_number=&#8221;5&#8243; show_more=&#8221;on&#8221; show_author=&#8221;off&#8221; show_date=&#8221;off&#8221; show_categories=&#8221;off&#8221; show_pagination=&#8221;off&#8221; use_overlay=&#8221;on&#8221; _builder_version=&#8221;4.16&#8243; header_font_size=&#8221;16&#8243; body_font_size=&#8221;0&#8243; body_line_height=&#8221;0&#8243; global_colors_info=&#8221;{}&#8221;][\/et_pb_blog][\/et_pb_column][\/et_pb_section][et_pb_section fb_built=&#8221;1&#8243; _builder_version=&#8221;3.0.71&#8243; background_color=&#8221;#1f6462&#8243; custom_padding=&#8221;0px|0px|0px|0px&#8221; global_module=&#8221;265&#8243; global_colors_info=&#8221;{}&#8221;][et_pb_row column_structure=&#8221;1_3,1_3,1_3&#8243; _builder_version=&#8221;4.16&#8243; background_size=&#8221;initial&#8221; background_position=&#8221;top_left&#8221; background_repeat=&#8221;repeat&#8221; custom_padding=&#8221;50px|0px|52px|0px&#8221; global_colors_info=&#8221;{}&#8221;][et_pb_column type=&#8221;1_3&#8243; _builder_version=&#8221;4.16&#8243; custom_padding=&#8221;|||&#8221; global_colors_info=&#8221;{}&#8221; custom_padding__hover=&#8221;|||&#8221;][et_pb_signup provider=&#8221;feedburner&#8221; title=&#8221;Receba as novidade sobre o Sistema FAEPA&#8221; button_text=&#8221;receber novidades&#8221; description=&#8221;<\/p>\n<p>Cadastre seu e-mail abaixo<\/p>\n<p>&#8221; _builder_version=&#8221;4.16&#8243; header_font_size=&#8221;20px&#8221; use_background_color=&#8221;off&#8221; custom_button=&#8221;on&#8221; button_text_size=&#8221;17px&#8221; button_border_radius=&#8221;60px&#8221; text_orientation=&#8221;center&#8221; global_colors_info=&#8221;{}&#8221; button_text_size__hover_enabled=&#8221;off&#8221; button_one_text_size__hover_enabled=&#8221;off&#8221; button_two_text_size__hover_enabled=&#8221;off&#8221; button_text_color__hover_enabled=&#8221;off&#8221; button_one_text_color__hover_enabled=&#8221;off&#8221; button_two_text_color__hover_enabled=&#8221;off&#8221; button_border_width__hover_enabled=&#8221;off&#8221; button_one_border_width__hover_enabled=&#8221;off&#8221; button_two_border_width__hover_enabled=&#8221;off&#8221; button_border_color__hover_enabled=&#8221;off&#8221; button_one_border_color__hover_enabled=&#8221;off&#8221; button_two_border_color__hover_enabled=&#8221;off&#8221; button_border_radius__hover_enabled=&#8221;off&#8221; button_one_border_radius__hover_enabled=&#8221;off&#8221; button_two_border_radius__hover_enabled=&#8221;off&#8221; button_letter_spacing__hover_enabled=&#8221;off&#8221; button_one_letter_spacing__hover_enabled=&#8221;off&#8221; button_two_letter_spacing__hover_enabled=&#8221;off&#8221; button_bg_color__hover_enabled=&#8221;off&#8221; button_one_bg_color__hover_enabled=&#8221;off&#8221; button_two_bg_color__hover_enabled=&#8221;off&#8221;]<\/p>\n<p>Cadastre seu e-mail abaixo<\/p>\n<p>[\/et_pb_signup][\/et_pb_column][et_pb_column type=&#8221;1_3&#8243; _builder_version=&#8221;4.16&#8243; custom_padding=&#8221;|||&#8221; global_colors_info=&#8221;{}&#8221; custom_padding__hover=&#8221;|||&#8221;][et_pb_text _builder_version=&#8221;4.16&#8243; text_line_height=&#8221;1em&#8221; background_layout=&#8221;dark&#8221; global_colors_info=&#8221;{}&#8221;]<\/p>\n<h2><strong>(91) 4008-5300<\/strong><\/h2>\n<p>\u00a0<\/p>\n<h5>Manh\u00e3: 9h \u00e0s 12h30<\/h5>\n<h5>Tarde: 14h \u00e0s 18h30<\/h5>\n<h5>\u00a0<\/h5>\n<h5>Trav. Dr. Moraes, n\u00b021 &#8211; Edificio Pal\u00e1cio da Agricultura, 8\u00b0 andar &#8211; Bel\u00e9m &#8211; PA &#8211; CEP:66035 &#8211; 080<\/h5>\n<p>[\/et_pb_text][et_pb_social_media_follow _builder_version=&#8221;4.24.0&#8243; background_layout=&#8221;dark&#8221; border_radii=&#8221;on|100%|100%|100%|100%&#8221; link_shape=&#8221;circle&#8221; global_colors_info=&#8221;{}&#8221;][et_pb_social_media_follow_network social_network=&#8221;facebook&#8221; url=&#8221;https:\/\/www.facebook.com\/SistemaFAEPA\/&#8221; _builder_version=&#8221;4.16&#8243; background_color=&#8221;#00c3aa&#8221; bg_color=&#8221;#00c3aa&#8221; global_colors_info=&#8221;{}&#8221; follow_button=&#8221;off&#8221; url_new_window=&#8221;on&#8221;]<\/p>\n<p>Facebook<\/p>\n<p>[\/et_pb_social_media_follow_network][et_pb_social_media_follow_network social_network=&#8221;twitter&#8221; url=&#8221;https:\/\/twitter.com\/sistemafaepa&#8221; _builder_version=&#8221;4.16&#8243; background_color=&#8221;#00c3aa&#8221; bg_color=&#8221;#00c3aa&#8221; global_colors_info=&#8221;{}&#8221; follow_button=&#8221;off&#8221; url_new_window=&#8221;on&#8221;]<\/p>\n<p>Twitter<\/p>\n<p>[\/et_pb_social_media_follow_network][et_pb_social_media_follow_network social_network=&#8221;instagram&#8221; url=&#8221;https:\/\/www.instagram.com\/sistemafaepa\/&#8221; _builder_version=&#8221;4.24.0&#8243; background_color=&#8221;#00c3aa&#8221; bg_color=&#8221;#00c3aa&#8221; global_colors_info=&#8221;{}&#8221; follow_button=&#8221;off&#8221; url_new_window=&#8221;on&#8221;]<\/p>\n<p>Instagram<\/p>\n<p>[\/et_pb_social_media_follow_network][et_pb_social_media_follow_network social_network=&#8221;youtube&#8221; url=&#8221;https:\/\/www.youtube.com\/@sistemafaepa\/videos&#8221; _builder_version=&#8221;4.24.0&#8243; background_color=&#8221;#00c3aa&#8221; bg_color=&#8221;#00c3aa&#8221; global_colors_info=&#8221;{}&#8221; follow_button=&#8221;off&#8221; url_new_window=&#8221;on&#8221;]youtube[\/et_pb_social_media_follow_network][\/et_pb_social_media_follow][\/et_pb_column][et_pb_column type=&#8221;1_3&#8243; _builder_version=&#8221;4.16&#8243; custom_padding=&#8221;|||&#8221; global_colors_info=&#8221;{}&#8221; custom_padding__hover=&#8221;|||&#8221;][et_pb_image src=&#8221;https:\/\/sistemafaepa.com.br\/faepa\/wp-content\/uploads\/sites\/5\/2024\/02\/LOGO-NOVA-v1-4.png&#8221; title_text=&#8221;LOGO NOVA v1 (4)&#8221; url=&#8221;https:\/\/sistemafaepa.com.br\/&#8221; align=&#8221;center&#8221; align_tablet=&#8221;center&#8221; align_phone=&#8221;&#8221; align_last_edited=&#8221;on|desktop&#8221; _builder_version=&#8221;4.24.0&#8243; max_width=&#8221;220px&#8221; animation_style=&#8221;slide&#8221; animation_direction=&#8221;left&#8221; animation_duration=&#8221;500ms&#8221; animation_intensity_slide=&#8221;10%&#8221; global_colors_info=&#8221;{}&#8221;][\/et_pb_image][\/et_pb_column][\/et_pb_row][\/et_pb_section]<\/p>\n","protected":false},"excerpt":{"rendered":"<p>Diretoria Faepa Gest\u00e3o 2023\/2027 PRESIDENTE Carlos Fernandes Xavier VICE-PRESIDENTES Vilson Jo\u00e3o Schuber Ant\u00f4nio Francisco de Ara\u00fajo Cl\u00e1udio Aparecido Zamperlini J\u00fanior Fern\u00e3o Villela Zancaner Joel Carvalho Lobato DIRETORES Efetivos Alfonso Marcos Rio Jos\u00e9 Nelson de Ara\u00fajo Jo\u00e3o Paulo Mota Melo da Rocha Guy Gon\u00e7alves Rangel Ricardo Guimar\u00e3es de Queiroz Adinor Batista Santos Walteir Gomes Rezende Francisco [&hellip;]<\/p>\n","protected":false},"author":1,"featured_media":0,"parent":0,"menu_order":0,"comment_status":"closed","ping_status":"closed","template":"","meta":{"_et_pb_use_builder":"on","_et_pb_old_content":"","_et_gb_content_width":"","footnotes":""},"class_list":["post-90","page","type-page","status-publish","hentry"],"_links":{"self":[{"href":"https:\/\/sistemafaepa.com.br\/faepa\/wp-json\/wp\/v2\/pages\/90","targetHints":{"allow":["GET"]}}],"collection":[{"href":"https:\/\/sistemafaepa.com.br\/faepa\/wp-json\/wp\/v2\/pages"}],"about":[{"href":"https:\/\/sistemafaepa.com.br\/faepa\/wp-json\/wp\/v2\/types\/page"}],"author":[{"embeddable":true,"href":"https:\/\/sistemafaepa.com.br\/faepa\/wp-json\/wp\/v2\/users\/1"}],"replies":[{"embeddable":true,"href":"https:\/\/sistemafaepa.com.br\/faepa\/wp-json\/wp\/v2\/comments?post=90"}],"version-history":[{"count":3,"href":"https:\/\/sistemafaepa.com.br\/faepa\/wp-json\/wp\/v2\/pages\/90\/revisions"}],"predecessor-version":[{"id":3208,"href":"https:\/\/sistemafaepa.com.br\/faepa\/wp-json\/wp\/v2\/pages\/90\/revisions\/3208"}],"wp:attachment":[{"href":"https:\/\/sistemafaepa.com.br\/faepa\/wp-json\/wp\/v2\/media?parent=90"}],"curies":[{"name":"wp","href":"https:\/\/api.w.org\/{rel}","templated":true}]}}