{"id":62,"date":"2017-09-20T18:59:01","date_gmt":"2017-09-20T21:59:01","guid":{"rendered":"http:\/\/sistemafaepa.com.br\/faepa\/?page_id=62"},"modified":"2017-09-20T18:59:01","modified_gmt":"2017-09-20T21:59:01","slug":"contribuicao-sindical-rural","status":"publish","type":"page","link":"https:\/\/sistemafaepa.com.br\/faepa\/contribuicao-sindical-rural\/","title":{"rendered":"Contribui\u00e7\u00e3o Sindical Rural"},"content":{"rendered":"<p>[et_pb_section bb_built=&#8221;1&#8243; background_color=&#8221;#1f6462&#8243; inner_shadow=&#8221;on&#8221; fullwidth=&#8221;on&#8221; _builder_version=&#8221;3.0.71&#8243; background_image=&#8221;https:\/\/sistemafaepa.com.br\/faepa\/wp-content\/uploads\/sites\/5\/2017\/09\/BG-SENAR.jpg&#8221;][et_pb_fullwidth_header admin_label=&#8221;Fullwidth Header&#8221; title=&#8221;Contribui\u00e7\u00e3o Sindical Rural&#8221; background_layout=&#8221;dark&#8221; _builder_version=&#8221;3.0.76&#8243; title_font=&#8221;|on|||&#8221; text_orientation=&#8221;left&#8221; header_fullscreen=&#8221;off&#8221; header_scroll_down=&#8221;off&#8221; image_orientation=&#8221;center&#8221; content_orientation=&#8221;center&#8221; custom_button_one=&#8221;off&#8221; button_one_letter_spacing=&#8221;0&#8243; button_one_icon_placement=&#8221;right&#8221; button_one_letter_spacing_hover=&#8221;0&#8243; custom_button_two=&#8221;off&#8221; button_two_letter_spacing=&#8221;0&#8243; button_two_icon_placement=&#8221;right&#8221; button_two_letter_spacing_hover=&#8221;0&#8243; \/][\/et_pb_section][et_pb_section bb_built=&#8221;1&#8243; custom_padding=&#8221;3px|0px|54px|0px&#8221; specialty=&#8221;on&#8221; _builder_version=&#8221;3.0.47&#8243;][et_pb_column type=&#8221;3_4&#8243; specialty_columns=&#8221;3&#8243;][et_pb_row_inner _builder_version=&#8221;3.0.47&#8243;][et_pb_column_inner type=&#8221;4_4&#8243; saved_specialty_column_type=&#8221;3_4&#8243;][et_pb_text admin_label=&#8221;Text&#8221; _builder_version=&#8221;3.0.76&#8243; background_size=&#8221;initial&#8221; background_position=&#8221;top_left&#8221; background_repeat=&#8221;repeat&#8221; background_layout=&#8221;light&#8221; border_style=&#8221;solid&#8221;]<\/p>\n<p><strong>O que \u00e9 o Sistema Sindical?<\/strong><\/p>\n<p>\u00c9 o sistema que defende, trabalha e fala em nome de todos os produtores rurais do Brasil. Liderado pela Confedera\u00e7\u00e3o da Agricultura e Pecu\u00e1ria do Brasil, o Sistema Sindical Rural \u00e9 composto por 27 federa\u00e7\u00f5es estaduais, 2.133 sindicatos rurais e 1099 extens\u00f5es de base.<\/p>\n<p>&nbsp;<\/p>\n<p><strong>Sustenta\u00e7\u00e3o Financeira do Sistema:<\/strong><\/p>\n<p>Para falar em nome dos produtores rurais e defender os seus interesses e reivindica\u00e7\u00f5es, o Sistema Sindical Rural \u00e9 suprido por duas fontes de recursos. A mais expressiva delas \u00e9 a Contribui\u00e7\u00e3o Sindical, compuls\u00f3ria, cobrada diretamente pelo Sistema por meio da CNA, como estabelece a Consolida\u00e7\u00e3o das Leis do Trabalho (CLT). A segunda forma de contribui\u00e7\u00e3o s\u00e3o as mensalidades espont\u00e2neas dos associados aos Sindicatos Rurais.<\/p>\n<p><strong>O que \u00e9 a Contribui\u00e7\u00e3o Sindical Rural?<\/strong><\/p>\n<p>A Contribui\u00e7\u00e3o Sindical Rural \u00e9 devida por todos aqueles que participam de uma determinada categoria econ\u00f4mica ou profissional, ou de uma profiss\u00e3o liberal, em favor do sindicato representativo da categoria ou profiss\u00e3o (artigo 578 a 591 da CLT). De acordo com o previsto no artigo 149 da Constitui\u00e7\u00e3o Federal, a contribui\u00e7\u00e3o tem car\u00e1ter tribut\u00e1rio, sendo, portanto, compuls\u00f3ria, independentemente de o contribuinte ser ou n\u00e3o filiado a sindicato. Esta contribui\u00e7\u00e3o existe desde 1943 e \u00e9 cobrada de todos os produtores rurais \u2013 pessoa f\u00edsica ou jur\u00eddica \u2013 conforme estabelece o Decreto \u2013lei n\u00ba 1.166, de 15 de abril de 1971, com a reda\u00e7\u00e3o dada pelo artigo 5\u00ba da Lei 9.701, de 18 de novembro de 1998:<\/p>\n<p>Art. 5\u00ba O art. 1\u00ba do Decreto-lei n\u00ba 1.166, de 15 de abril de 1971, passa a vigorar com a seguinte reda\u00e7\u00e3o:<\/p>\n<p>Art. 1\u00ba Para efeito da cobran\u00e7a da Contribui\u00e7\u00e3o Sindical Rural prevista nos artigos 149 da Constitui\u00e7\u00e3o Federal e 578 a 591 da Consolida\u00e7\u00e3o das Leis do Trabalho, considera-se:<\/p>\n<p><strong>Empres\u00e1rio ou empregador rural:<\/strong><\/p>\n<p>A pessoa f\u00edsica ou jur\u00eddica que, tendo empregado, empreende, a qualquer t\u00edtulo, atividade econ\u00f4mica rural; Quem, propriet\u00e1rio ou n\u00e3o, e mesmo sem empregado, em regime de economia familiar, explore im\u00f3vel rural que lhe absorva toda a for\u00e7a de trabalho e lhe garanta a subsist\u00eancia e progresso social e econ\u00f4mico em \u00e1rea superior a dois m\u00f3dulos rurais da respectiva regi\u00e3o Os propriet\u00e1rios rurais de mais de um im\u00f3vel rural, desde que a soma de suas \u00e1reas seja superior a dois m\u00f3dulos rurais da respectiva regi\u00e3o.<\/p>\n<p>&nbsp;<\/p>\n<p><strong>Como e quando pagar?<br \/>\n<\/strong><\/p>\n<p>A CNA envia uma guia banc\u00e1ria, j\u00e1 preenchida, com o valor da Contribui\u00e7\u00e3o Sindical Rural, que deve paga em qualquer ag\u00eancia banc\u00e1ria. Depois do vencimento, a contribui\u00e7\u00e3o s\u00f3 \u00e9 pag\u00e1vel nas ag\u00eancias do Banco do Brasil.<\/p>\n<p><strong>Para quem vai o dinheiro arrecadado?<br \/>\n<\/strong><\/p>\n<p>Quando os recursos arrecadados se referem a im\u00f3veis localizados em munic\u00edpios onde n\u00e3o existe sindicato rural organizado, ou extens\u00e3o de base, os recursos s\u00e3o assim distribu\u00eddos: 20% para o Minist\u00e9rio do Trabalho e Emprego; 60% para a Federa\u00e7\u00e3o da Agricultura; e 20% para a CNA.<\/p>\n<p><strong>O que o Sistema Sindical faz com o dinheiro arrecadado?<br \/>\n<\/strong><\/p>\n<p>O dinheiro arrecadado por meio da Contribui\u00e7\u00e3o Sindical Rural \u00e9 aplicado na presta\u00e7\u00e3o de servi\u00e7os aos produtores rurais de todo o Pa\u00eds. \u00a0A verdadeira representa\u00e7\u00e3o de classe exige uma estrutura forte e atuante. Nestes tempos de globaliza\u00e7\u00e3o da economia, al\u00e9m de atuar na representa\u00e7\u00e3o, junto \u00e0s lideran\u00e7as pol\u00edticas locais, estaduais e nacionais \u00e9 preciso conquistar o respeito do mercado internacional. S\u00f3 uma representa\u00e7\u00e3o constitu\u00edda de forma eficiente poder\u00e1 concretizar as reivindica\u00e7\u00f5es do setor rural. A CNA, as Federa\u00e7\u00f5es da Agricultura dos Estados e os Sindicatos Rurais expressam e defendem as reivindica\u00e7\u00f5es do setor, participando de debates, comiss\u00f5es, acordos e conven\u00e7\u00f5es coletivas de trabalho, reuni\u00f5es e outros foros de decis\u00e3o. Al\u00e9m do mais, o Sistema Sindical Rural \u00e9 o canal indispens\u00e1vel para a troca de informa\u00e7\u00f5es sobre os assuntos principais do dia-a-dia do produtor rural.<\/p>\n<p>[\/et_pb_text][\/et_pb_column_inner][\/et_pb_row_inner][\/et_pb_column][et_pb_column type=&#8221;1_4&#8243;][et_pb_search exclude_pages=&#8221;off&#8221; exclude_posts=&#8221;off&#8221; hide_button=&#8221;off&#8221; placeholder=&#8221;Pesquisar&#8230;&#8221; _builder_version=&#8221;3.0.71&#8243; \/][et_pb_code _builder_version=&#8221;3.0.71&#8243;]&lt;iframe width=&#8221;250&#8243; height=&#8221;141&#8243; src=&#8221;https:\/\/www.youtube.com\/embed\/Elp0Xhj501o?rel=0&amp;controls=0&#8243; frameborder=&#8221;0&#8243; allowfullscreen&gt;&lt;\/iframe&gt;[\/et_pb_code][et_pb_divider _builder_version=&#8221;3.0.71&#8243; show_divider=&#8221;on&#8221; color=&#8221;#c6c6c6&#8243; divider_style=&#8221;solid&#8221; divider_position=&#8221;top&#8221; hide_on_mobile=&#8221;on&#8221; disabled_on=&#8221;on&#8221; \/][et_pb_blog posts_number=&#8221;5&#8243; show_author=&#8221;off&#8221; show_date=&#8221;off&#8221; show_categories=&#8221;off&#8221; show_pagination=&#8221;off&#8221; offset_number=&#8221;0&#8243; _builder_version=&#8221;3.0.71&#8243; show_content=&#8221;off&#8221; show_thumbnail=&#8221;on&#8221; show_more=&#8221;on&#8221; show_comments=&#8221;off&#8221; fullwidth=&#8221;on&#8221; use_dropshadow=&#8221;off&#8221; use_overlay=&#8221;on&#8221; background_layout=&#8221;light&#8221; body_font_size=&#8221;0&#8243; body_line_height=&#8221;0&#8243; border_style=&#8221;solid&#8221; header_font_size=&#8221;16&#8243; \/][\/et_pb_column][\/et_pb_section][et_pb_section bb_built=&#8221;1&#8243; background_color=&#8221;#1f6462&#8243; custom_padding=&#8221;0px|0px|0px|0px&#8221; _builder_version=&#8221;3.0.71&#8243; global_module=&#8221;265&#8243;][et_pb_row global_parent=&#8221;265&#8243; custom_padding=&#8221;50px|0px|52px|0px&#8221; _builder_version=&#8221;3.0.47&#8243; background_size=&#8221;initial&#8221; background_position=&#8221;top_left&#8221; background_repeat=&#8221;repeat&#8221;][et_pb_column type=&#8221;1_3&#8243;][et_pb_signup global_parent=&#8221;265&#8243; provider=&#8221;feedburner&#8221; title=&#8221;Receba as novidade sobre o Sistema FAEPA&#8221; button_text=&#8221;receber novidades&#8221; use_background_color=&#8221;off&#8221; text_orientation=&#8221;center&#8221; _builder_version=&#8221;3.0.71&#8243; header_font_size=&#8221;20px&#8221; custom_button=&#8221;on&#8221; button_text_size=&#8221;17px&#8221; button_border_radius=&#8221;60px&#8221;]<\/p>\n<p>Cadastre seu e-mail abaixo<\/p>\n<p>[\/et_pb_signup][\/et_pb_column][et_pb_column type=&#8221;1_3&#8243;][et_pb_text global_parent=&#8221;265&#8243; background_layout=&#8221;dark&#8221; _builder_version=&#8221;3.0.71&#8243; text_line_height=&#8221;1em&#8221;]<\/p>\n<h2><strong>(91) 4008-5300<\/strong><\/h2>\n<p>&nbsp;<\/p>\n<h5>Manh\u00e3: 9h \u00e0s 12h30<\/h5>\n<h5>Tarde: 14h \u00e0s 18h30<\/h5>\n<h5><\/h5>\n<h5>Trav. Dr. Moraes, n\u00b021 &#8211; Edificio Pal\u00e1cio da Agricultura, 8\u00b0 andar &#8211; Bel\u00e9m &#8211; PA &#8211; CEP:66035 &#8211; 080<\/h5>\n<p>[\/et_pb_text][et_pb_social_media_follow global_parent=&#8221;265&#8243; link_shape=&#8221;circle&#8221; background_layout=&#8221;dark&#8221; _builder_version=&#8221;3.0.71&#8243;] [et_pb_social_media_follow_network social_network=&#8221;facebook&#8221; url=&#8221;https:\/\/www.facebook.com\/FAEPA\/&#8221; bg_color=&#8221;#00c3aa&#8221; _builder_version=&#8221;3.0.47&#8243; link_shape=&#8221;circle&#8221; follow_button=&#8221;off&#8221; url_new_window=&#8221;on&#8221;]<\/p>\n<p>Facebook<\/p>\n<p>[\/et_pb_social_media_follow_network][et_pb_social_media_follow_network social_network=&#8221;twitter&#8221; url=&#8221;https:\/\/twitter.com\/sistemafaepa&#8221; bg_color=&#8221;#00c3aa&#8221; _builder_version=&#8221;3.0.47&#8243; link_shape=&#8221;circle&#8221; follow_button=&#8221;off&#8221; url_new_window=&#8221;on&#8221;]<\/p>\n<p>Twitter<\/p>\n<p>[\/et_pb_social_media_follow_network][et_pb_social_media_follow_network social_network=&#8221;instagram&#8221; url=&#8221;https:\/\/www.instagram.com\/sistemafaepa\/&#8221; bg_color=&#8221;#00c3aa&#8221; _builder_version=&#8221;3.0.47&#8243; link_shape=&#8221;circle&#8221; follow_button=&#8221;off&#8221; url_new_window=&#8221;on&#8221;]<\/p>\n<p>Instagram<\/p>\n<p>[\/et_pb_social_media_follow_network] [\/et_pb_social_media_follow][\/et_pb_column][et_pb_column type=&#8221;1_3&#8243;][et_pb_image global_parent=&#8221;265&#8243; src=&#8221;https:\/\/sistemafaepa.com.br\/faepa\/wp-content\/uploads\/sites\/5\/2017\/09\/2017-09-06.png&#8221; url=&#8221;https:\/\/sistemafaepa.com.br\/&#8221; align=&#8221;center&#8221; max_width=&#8221;220px&#8221; _builder_version=&#8221;3.0.71&#8243; \/][\/et_pb_column][\/et_pb_row][\/et_pb_section]<\/p>\n","protected":false},"excerpt":{"rendered":"<p>O que \u00e9 o Sistema Sindical? \u00c9 o sistema que defende, trabalha e fala em nome de todos os produtores rurais do Brasil. Liderado pela Confedera\u00e7\u00e3o da Agricultura e Pecu\u00e1ria do Brasil, o Sistema Sindical Rural \u00e9 composto por 27 federa\u00e7\u00f5es estaduais, 2.133 sindicatos rurais e 1099 extens\u00f5es de base. &nbsp; Sustenta\u00e7\u00e3o Financeira do Sistema: [&hellip;]<\/p>\n","protected":false},"author":1,"featured_media":0,"parent":0,"menu_order":0,"comment_status":"closed","ping_status":"closed","template":"","meta":{"_et_pb_use_builder":"on","_et_pb_old_content":"","_et_gb_content_width":"","footnotes":""},"class_list":["post-62","page","type-page","status-publish","hentry"],"_links":{"self":[{"href":"https:\/\/sistemafaepa.com.br\/faepa\/wp-json\/wp\/v2\/pages\/62","targetHints":{"allow":["GET"]}}],"collection":[{"href":"https:\/\/sistemafaepa.com.br\/faepa\/wp-json\/wp\/v2\/pages"}],"about":[{"href":"https:\/\/sistemafaepa.com.br\/faepa\/wp-json\/wp\/v2\/types\/page"}],"author":[{"embeddable":true,"href":"https:\/\/sistemafaepa.com.br\/faepa\/wp-json\/wp\/v2\/users\/1"}],"replies":[{"embeddable":true,"href":"https:\/\/sistemafaepa.com.br\/faepa\/wp-json\/wp\/v2\/comments?post=62"}],"version-history":[{"count":0,"href":"https:\/\/sistemafaepa.com.br\/faepa\/wp-json\/wp\/v2\/pages\/62\/revisions"}],"wp:attachment":[{"href":"https:\/\/sistemafaepa.com.br\/faepa\/wp-json\/wp\/v2\/media?parent=62"}],"curies":[{"name":"wp","href":"https:\/\/api.w.org\/{rel}","templated":true}]}}