{"id":60,"date":"2017-09-20T18:59:00","date_gmt":"2017-09-20T21:59:00","guid":{"rendered":"http:\/\/sistemafaepa.com.br\/faepa\/?page_id=60"},"modified":"2017-09-20T18:59:00","modified_gmt":"2017-09-20T21:59:00","slug":"comissoes-tecnicas","status":"publish","type":"page","link":"https:\/\/sistemafaepa.com.br\/faepa\/comissoes-tecnicas\/","title":{"rendered":"Comiss\u00f5es T\u00e9cnicas"},"content":{"rendered":"<p>[et_pb_section fb_built=&#8221;1&#8243; background_color=&#8221;#1f6462&#8243; inner_shadow=&#8221;on&#8221; fullwidth=&#8221;on&#8221; _builder_version=&#8221;3.0.71&#8243; background_image=&#8221;https:\/\/sistemafaepa.com.br\/faepa\/wp-content\/uploads\/sites\/5\/2017\/09\/BG-SENAR.jpg&#8221;][et_pb_fullwidth_header title=&#8221;Comiss\u00f5es T\u00e9cnicas&#8221; background_layout=&#8221;dark&#8221; admin_label=&#8221;Fullwidth Header&#8221; _builder_version=&#8221;3.0.75&#8243; title_font=&#8221;|on|||&#8221;][\/et_pb_fullwidth_header][\/et_pb_section][et_pb_section fb_built=&#8221;1&#8243; specialty=&#8221;on&#8221; _builder_version=&#8221;3.0.47&#8243; custom_padding=&#8221;3px|0px|54px|0px&#8221;][et_pb_column type=&#8221;3_4&#8243; specialty_columns=&#8221;3&#8243; _builder_version=&#8221;3.0.47&#8243;][et_pb_row_inner _builder_version=&#8221;3.0.47&#8243;][et_pb_column_inner type=&#8221;4_4&#8243; saved_specialty_column_type=&#8221;3_4&#8243; _builder_version=&#8221;3.0.47&#8243; parallax=&#8221;off&#8221; parallax_method=&#8221;on&#8221;][et_pb_text admin_label=&#8221;Text&#8221; _builder_version=&#8221;3.0.75&#8243; background_size=&#8221;initial&#8221; background_position=&#8221;top_left&#8221; background_repeat=&#8221;repeat&#8221;]<\/p>\n<div class=\"conteudo-texto inserted\">\n<p><strong>APICULTURA<\/strong><\/p>\n<p><strong>PRESIDENTE<\/strong>: Iacira Leite Sedrim<\/p>\n<p>VICE-PRESIDENTE: Jos\u00e9 Nunes Marques<br \/> ENDERE\u00c7O: Rua Jo\u00e3o Pessoa, 1098 Centro Santa Izabel\/Pa-Cep: 66790-000<br \/> EMAIL: iacirasedrim@bol.com.br<br \/> TELEFONE\/FAX: (91)3744-1561 \/ (91)9117-7171<\/p>\n<p>&nbsp;<\/p>\n<p><strong>AQUICULTURA E PESCA<\/strong><\/p>\n<p><strong>Presidente<\/strong>: Alfonso Marcos Rio<\/p>\n<p class=\"inserted\"><strong>Vice<\/strong>: Jos\u00e9 Valdemir Apolin\u00e1rio FilhoR32;<br \/> <strong>Endere\u00e7o<\/strong>: Av. Braz de Aguiar, n\u00b0 273 \u2013 Apt\u00b0 101<br \/><strong>Telefone\/FAX:<\/strong> (91) 3223- 6802 (91) 9981-2244<\/p>\n<p>&nbsp;<\/p>\n<p><strong>ASSUNTOS FUNDI\u00c1RIOS E INDIGENAS<\/strong><\/p>\n<p><strong>R32;PRESIDENTE<\/strong>: Diogo Naves Sobrinho<\/p>\n<p>VICE-PRESIDENTE: Agamenon da Silva MenezesR32;<br \/> ENDERE\u00c7O: Rod. PA 150, Km 10, Cx. Postal n\u00b0 213 &#8211; Parque de Exposi\u00e7\u00e3o Agropecu\u00e1ria \u2013\u2013 Marab\u00e1\/Pa<br \/> R32;EMAIL: prorural@leolar.com.br<br \/> R32;TELEFONE\/FAX: (94) 3323-4646 (94) 9116-1823<\/p>\n<p>&nbsp;<\/p>\n<p class=\"inserted\"><strong>AVICULTURA<\/strong><\/p>\n<p><strong>R32;PRESIDENTE<\/strong>: Luiz Am\u00e9rico Amorim<\/p>\n<p>VICE-PRESIDENTE: Nortom Amador Costa<\/p>\n<p>R32;ENDERE\u00c7O: Av. Serzedelo Corr\u00eaa 142 \u2013 Apt\u00b0 1102 B \u2013 CEP. 66240-202<br \/> R32;EMAIL:R32;<br \/> TELEFONE\/FAX: (91) 3223-5417<\/p>\n<p>&nbsp;<\/p>\n<p><strong>BORRACHA<\/strong><\/p>\n<p>PRESIDENTE: Armando Teixeira Soares<\/p>\n<p>VICE-PRESIDENTE: Paulo S\u00e9rgio Botelho SoaresR32;ENDERE\u00c7O: Br 316 \u2013 km 03 \u2013 Condom\u00ednio Jardim das Palmas n\u00b0 01 \u2013 Guanabara \u2013 Cep. 67020-000R32;EMAIL: eixeirasoares@uol.com.br R32;TELEFONE\/FAX: (91) 8138-7734<\/p>\n<p>&nbsp;<\/p>\n<p><strong>CACAUICULTURA<\/strong><\/p>\n<p>PRESIDENTE: Francisco Alberto de Castro<\/p>\n<p>VICE-PRESIDENTE: Givaldo Gomes de Ara\u00fajo R32;ENDERE\u00c7O: Rua Anchieta, 2187 \u2013 Perp\u00e9tuo Socorro \u2013 Altamira\/Pa<\/p>\n<p>Cep. 68371-190R32;EMAIL: sindicorte@hotmail.com R32;TELEFONE\/FAX: (93) 3515-1556 \u00a0(93) 3593-0722<\/p>\n<p>&nbsp;<\/p>\n<p><strong>CAF\u00c9<\/strong><\/p>\n<p>PRESIDENTE: Francisco Alberto de Castro<\/p>\n<p>VICE-PRESIDENTE: Ciro Saraiva Lima J\u00faniorR32;ENDERE\u00c7O: Rua Anchieta, 2187 \u2013 Perp\u00e9tuo Socorro \u2013 Altamira\/Pa Cep. 68371-190 R32;EMAIL: sindicorte@hotmail.com R32;TELEFONE\/FAX: (93) 3515-1556 (93) 3593-0722<\/p>\n<p>&nbsp;<\/p>\n<p><strong>CAVALO<\/strong><\/p>\n<p>PRESIDENTE: Al\u00edpio Bordalo<\/p>\n<p>VICE-PRESIDENTE: Waldir FlockR32;ENDERE\u00c7O: Av. Jos\u00e9 Bonif\u00e1cio, 902 \u2013 apt. 202 \u2013 S\u00e3o Braz \u2013 Bel\u00e9m\/PaR32;EMAIL: borinfor@amazon.com.br R32;TELEFONE\/FAX: (91) 3259-1387 (91) 9984-5595<\/p>\n<p>&nbsp;<\/p>\n<p><strong>CI\u00caNCIA E TECNOLOGIA<\/strong><\/p>\n<p>PRESIDENTE: Francisco Ilton de Oliveira Moraes<\/p>\n<p>VICE-PRESIDENTE: Norton Amador CostaR32;ENDERE\u00c7O: Rua Tiradentes 590 \u2013 Apt\u00b0 701 \u2013 Reduto \u2013 Cep. 66053-330R32;EMAIL: filton@superig.com.br R32;TELEFONE\/FAX: (91) 3212-4241 (91) 8111-5498<\/p>\n<p>&nbsp;<\/p>\n<p><strong>CR\u00c9DITO RURAL<\/strong><\/p>\n<p>PRESIDENTE: Jos\u00e9 Ribamar Rodrigues Sizo<\/p>\n<p>VICE-PRESIDENTE: Alfonso Marcos RioR32;ENDERE\u00c7O: Tv. Dr. Moraes, 21 \u2013 S\/401\/402 Nazar\u00e9 \u2013 Bel\u00e9m\/Pa &#8211; Cep. 66035-080R32;EMAIL: jrsizo@uol.com.br R32;TELEFONE\/FAX: (91) 3224-5086 (91) 8114-9914<\/p>\n<p>&nbsp;<\/p>\n<p class=\"inserted\"><strong>DEFENSIVOS, CORRETIVOS E FERTILIZANTES<\/strong><\/p>\n<p>PRESIDENTE: Euclides Pecinatto<\/p>\n<p>VICE-PRESIDENTE: Luiz Carlos de AlmeidaR32;ENDERE\u00c7O: Tv. S\u00e3o Pedro, 566\/601 \u2013 Batista Campos \u2013 Bel\u00e9m\/PaR32;EMAIL: oikos@amazon.com.br R32;TELEFONE\/FAX: (91) 9628-6438<\/p>\n<p>&nbsp;<\/p>\n<p><strong>ELETRIFICA\u00c7\u00c3O RURAL \u2013 ENERGIA ALTERNATIVA<\/strong><\/p>\n<p>PRESIDENTE: Paulo Acatauass\u00fa Teixeira<\/p>\n<p>VICE-PRESIDENTE: Luiz Bularmaqui<\/p>\n<p>ENDERE\u00c7O: Av. Beira Mar, 2779 \u2013 Chal\u00e9 Sissi \u2013 Praia Murubira \u2013 Ilha do Mosqueiro\/Pa &#8211; Cep. 66918-030<\/p>\n<p>EMAIL: n\u00facleo_maraj\u00f3@yahoo.com.br<\/p>\n<p>TELEFONE\/FAX: (91) 3772-1076 \u00a0(91) 9112-5892<\/p>\n<p>&nbsp;<\/p>\n<p class=\"inserted\"><strong>FLORICULTURA E PLANTAS ORNAMENTAIS<\/strong><\/p>\n<p>PRESIDENTE: Guairac\u00e1 Corr\u00eaa Gabriel<\/p>\n<p>VICE-PRESIDENTE: Arlene Maria Moraes Barbosa da Silva<\/p>\n<p>ENDERE\u00c7O: Av. 25 de Setembro, 216 \u2013 Marco \u2013 Bel\u00e9m\/Pa &#8211; Cep. 66090-760<\/p>\n<p>EMAIL:<\/p>\n<p>TELEFONE\/FAX: (91) 9902-7189<\/p>\n<p>&nbsp;<\/p>\n<p class=\"inserted\"><strong>FLORESTA<\/strong><\/p>\n<p>PRESIDENTE: Willams Wendt Faraco<\/p>\n<p>VICE-PRESIDENTE: Paulo Roberto Teles Condur\u00fa<\/p>\n<p>ENDERE\u00c7O: Condom\u00ednio EMBRAPA \u2013 Rua Xingu 108 \u2013 Cep. 66095-100<\/p>\n<p>EMAIL: norton@cpatu.embrapa.br<\/p>\n<p>TELEFONE\/FAX: (91) 3299-1074 \/3276 \/1873 (91) 9982-7556<\/p>\n<p>&nbsp;<\/p>\n<p class=\"inserted\"><strong>FRUTICULTURA<\/strong><\/p>\n<p>PRESIDENTE: Maria de F\u00e1tima Koury Figueiredo<\/p>\n<p>VICE-PRESIDENTE: S\u00e9rgio Hideki Hiura<\/p>\n<p>ENDERE\u00c7O: Estrada da Provid\u00eancia, 94 \u2013Ananindeua\/Pa,Cep. 67.015-260<\/p>\n<p>EMAIL: aupaba@yahoo.com.br<\/p>\n<p>TELEFONE\/FAX: (91) 8861-8883 (91) 3235-3524\/0798<\/p>\n<p>&nbsp;<\/p>\n<p><strong>GR\u00c3OS, OLEAGINOSAS E FIBRAS<\/strong><\/p>\n<p>PRESIDENTE: Luiz Assun\u00e7\u00e3o<\/p>\n<p>VICE-PRESIDENTE: Jos\u00e9 Carminati<\/p>\n<p>ENDERE\u00c7O: Tv. Barjonas de Miranda, 28 Centro \u2013 Santar\u00e9m\/Pa<\/p>\n<p>Cep. 68040-240<\/p>\n<p>EMAIL: cooperamazon@hotmail.com<\/p>\n<p>TELEFONE\/FAX: (093) 3523-7811\/ \u00a0 9122-2302<\/p>\n<p>&nbsp;<\/p>\n<p class=\"inserted\"><strong>MANDIOCA<\/strong><\/p>\n<p>PRESIDENTE: Paulo S\u00e9rgio Botelho Soares<\/p>\n<p>VICE-PRESIDENTE: Benedito Pantoja<\/p>\n<p>ENDERE\u00c7O: Rua dos Mundurucus, 3284, Apt\u00ba 901, Ed. Ouro Branco \u2013Bel\u00e9m\/Pa, Cep. 66.040-270<\/p>\n<p>EMAIL: paulosbsoares@yahoo.com.br<\/p>\n<p>TELEFONE\/FAX: (91) 3259-2137 (91) 8149-0629<\/p>\n<p>&nbsp;<\/p>\n<p><strong>MEIO AMBIENTE<\/strong><\/p>\n<p>PRESIDENTE: Armando Teixeira Soares<\/p>\n<p>VICE-PRESIDENTE: Rubens Nazeazeno Britto<\/p>\n<p>ENDERE\u00c7O: Rod. BR 316, km 03, \u00a0Condom\u00ednio Jardim das Palmas,<\/p>\n<p>n\u00b0 01 \u2013 Guanabara \u2013 Ananindeua Cep. 67020-000<\/p>\n<p>EMAIL: teixeirasoares@uol.com.br<\/p>\n<p>TELEFONE\/FAX: (91) 8138-7734<\/p>\n<p>&nbsp;<\/p>\n<p class=\"inserted\"><strong>OVINOCAPRINOCULTURA<\/strong><\/p>\n<p>PRESIDENTE: Joel Rodrigues Bitar da Cunha<\/p>\n<p>VICE-PRESIDENTE: Diogo naves Sobrinho<\/p>\n<p>ENDERE\u00c7O: Tv. \u00a0Dr. Moraes, 21 \u2013 Ed. Pal\u00e1cio da Agricultura, 5\u00b0 andar S\/501 \u2013 Nazar\u00e9\u2013 Bel\u00e9m &#8211; Pa<\/p>\n<p>EMAIL: diretoriacomercial@brasilcred.com.br<\/p>\n<p>TELEFONE\/FAX: (91) 9941-9995 \u00a0(91) 3242-2567 \u00a0(91) 8189-0575<\/p>\n<p>&nbsp;<\/p>\n<p class=\"inserted\"><strong>PALM\u00c1CEAS ECON\u00d4MICAS<\/strong><\/p>\n<p>PRESIDENTE: Willams Wendt Faraco<\/p>\n<p>VICE-PRESIDENTE: Leonel Dias de Souza<\/p>\n<p>ENDERE\u00c7O: Av. Magalh\u00e3es Barata, 110, Apt. 1502 Nazar\u00e9, Cep. 66.023-140 Bel\u00e9m\/Pa<\/p>\n<p>EMAIL: oikos@amazon.com.br<\/p>\n<p>TELEFONE\/FAX: (91) 3222-4294 (91) 3222-9584 (91) 9986-5278<\/p>\n<p>&nbsp;<\/p>\n<p><strong>PECU\u00c1RIA DE CORTE E DEFESA ANIMAL<\/strong><\/p>\n<p>PRESIDENTE: Jos\u00e9 Nelson Ara\u00fajo<\/p>\n<p>VICE-PRESIDENTE: Josaphat Paranhos de Azevedo Filho<\/p>\n<p>ENDERE\u00c7O: Rua Jo\u00e3o Pessoa, 138 -Centro \u2013 Capanema\/Pa-Cep. 68700-030<\/p>\n<p>EMAIL: fazsantalice@uol.com.br<\/p>\n<p>TELEFONE\/FAX: (91) 3462- 077 (91) 9968-1288<\/p>\n<p>&nbsp;<\/p>\n<p><strong>PECU\u00c1RIA DE LEITE<\/strong><\/p>\n<p>PRESIDENTE: Shirley Cristina Barros Malcher<\/p>\n<p>VICE-PRESIDENTE: Eduardo Daher<\/p>\n<p>ENDERE\u00c7O: Associa\u00e7\u00e3o Agropecu\u00e1ria Rondonense &#8211; Rod. Br. 222, km 88, CX. Postal \u2013 48, Cep. 68.638-000 \u2013 Rondon\/Pa<\/p>\n<p>EMAIL: exporondon@hotmail.com<\/p>\n<p>TELEFONE\/FAX: (94) 3326-1810 (94) 9132-4170<\/p>\n<p>&nbsp;<\/p>\n<p>&nbsp;<\/p>\n<p><strong>PEQUENA PROPRIEDADE<\/strong><\/p>\n<p>PRESIDENTE: Paulo S\u00e9rgio Botelho Soares<\/p>\n<p>VICE-PRESIDENTE: M\u00e1rio S\u00e9rgio G. Azevedo<\/p>\n<p>ENDERE\u00c7O: Rua dos Mundurucus, 3284, Apt\u00ba 901, Ed. Ouro Branco \u2013 Crema\u00e7\u00e3o \u2013 Bel\u00e9m &#8211; Pa, Cep. 66.040-270<\/p>\n<p>EMAIL: paulosbsoares@yahoo.com.br<\/p>\n<p>TELEFONE\/FAX: (91) 3259-2137 (91) 8149-0629<\/p>\n<p>&nbsp;<\/p>\n<p><strong>RELA\u00c7\u00c3O DE TRABALHO E PREVID\u00caNCIA SOCIAL<\/strong><\/p>\n<p>PRESIDENTE: Iacira Leite Sedrim<\/p>\n<p>VICE-PRESIDENTE: Joelson dos Santos Monteiro<\/p>\n<p>ENDERE\u00c7O: Rua Jo\u00e3o Pessoa, 1098 \u2013 Centro \u2013 Santa Izabel\/Pa \u2013 Cep: 66790-000<\/p>\n<p>EMAIL: iacirasedrim@bol.com.br<\/p>\n<p>TELEFONE\/FAX: (91)3744-1561 (91) 9117-7171<\/p>\n<p>&nbsp;<\/p>\n<p><strong>SILVICULTURA E MANEJO FLORESTAL<\/strong><\/p>\n<p>PRESIDENTE: Norton Amador Costa<\/p>\n<p>VICE-PRESIDENTE: Carlos Alberto da Silva Franco<\/p>\n<p>ENDERE\u00c7O:<\/p>\n<p>EMAIL:<\/p>\n<p>TELEFONE\/FAX:<\/p>\n<p>&nbsp;<\/p>\n<p><strong>SUINOCULTURA<\/strong><\/p>\n<p>PRESIDENTE: Rubens Nazeazeno Ferreira Britto<\/p>\n<p>VICE-PRESIDENTE: Luiz Danin de Moura Carvalho<\/p>\n<p>ENDERE\u00c7O: Tv. Benjamim Constant, 1500, Apt\u00ba 905 \u2013 Nazar\u00e9 \u2013 Bel\u00e9m\/Pa, Cep.66035-060<\/p>\n<p>EMAIL: rubens@faepanet.com.br<\/p>\n<p>TELEFONE\/FAX: (91) 8119-7922<\/p>\n<p>&nbsp;<\/p>\n<p><strong>TRIBUTA\u00c7\u00c3O<\/strong><\/p>\n<p>PRESIDENTE: Armando Teixeira Soares<\/p>\n<p>VICE-PRESIDENTE: Givaldo Gomes de Azevedo<\/p>\n<p>ENDERE\u00c7O: Rod. BR 316 \u2013 km 03 \u2013 Condom\u00ednio Jardim das Palmas<\/p>\n<p>n\u00b0 01\u2013Guanabara \u2013 Ananindeua, Cep. 67020-000<\/p>\n<p>EMAIL: teixeirasoares@uol.com.br<\/p>\n<p>TELEFONE\/FAX: (91) 8138-7734<\/p>\n<\/div>\n<p>[\/et_pb_text][\/et_pb_column_inner][\/et_pb_row_inner][\/et_pb_column][et_pb_column type=&#8221;1_4&#8243; _builder_version=&#8221;3.0.47&#8243;][et_pb_search exclude_pages=&#8221;off&#8221; exclude_posts=&#8221;off&#8221; placeholder=&#8221;Pesquisar&#8230;&#8221; _builder_version=&#8221;3.0.71&#8243;][\/et_pb_search][et_pb_code _builder_version=&#8221;3.0.71&#8243;]&lt;iframe width=&quot;250&quot; height=&quot;141&quot; src=&quot;https:\/\/www.youtube.com\/embed\/Elp0Xhj501o?rel=0&amp;controls=0&quot; frameborder=&quot;0&quot; allowfullscreen&gt;&lt;\/iframe&gt;[\/et_pb_code][et_pb_divider color=&#8221;#c6c6c6&#8243; show_divider=&#8221;on&#8221; divider_style=&#8221;solid&#8221; divider_position=&#8221;top&#8221; disabled_on=&#8221;on|on|off&#8221; _builder_version=&#8221;3.0.71&#8243; hide_on_mobile=&#8221;on&#8221;][\/et_pb_divider][et_pb_blog posts_number=&#8221;5&#8243; show_more=&#8221;on&#8221; show_author=&#8221;off&#8221; show_date=&#8221;off&#8221; show_categories=&#8221;off&#8221; show_pagination=&#8221;off&#8221; offset_number=&#8221;0&#8243; use_overlay=&#8221;on&#8221; _builder_version=&#8221;3.0.71&#8243; header_font_size=&#8221;16&#8243; body_font_size=&#8221;0&#8243; body_line_height=&#8221;0&#8243;][\/et_pb_blog][\/et_pb_column][\/et_pb_section]<\/p>\n","protected":false},"excerpt":{"rendered":"<p>APICULTURA PRESIDENTE: Iacira Leite Sedrim VICE-PRESIDENTE: Jos\u00e9 Nunes Marques ENDERE\u00c7O: Rua Jo\u00e3o Pessoa, 1098 Centro Santa Izabel\/Pa-Cep: 66790-000 EMAIL: iacirasedrim@bol.com.br TELEFONE\/FAX: (91)3744-1561 \/ (91)9117-7171 &nbsp; AQUICULTURA E PESCA Presidente: Alfonso Marcos Rio Vice: Jos\u00e9 Valdemir Apolin\u00e1rio FilhoR32; Endere\u00e7o: Av. Braz de Aguiar, n\u00b0 273 \u2013 Apt\u00b0 101Telefone\/FAX: (91) 3223- 6802 (91) 9981-2244 &nbsp; ASSUNTOS FUNDI\u00c1RIOS [&hellip;]<\/p>\n","protected":false},"author":1,"featured_media":0,"parent":0,"menu_order":0,"comment_status":"closed","ping_status":"closed","template":"","meta":{"_et_pb_use_builder":"on","_et_pb_old_content":"","_et_gb_content_width":"","footnotes":""},"class_list":["post-60","page","type-page","status-publish","hentry"],"_links":{"self":[{"href":"https:\/\/sistemafaepa.com.br\/faepa\/wp-json\/wp\/v2\/pages\/60","targetHints":{"allow":["GET"]}}],"collection":[{"href":"https:\/\/sistemafaepa.com.br\/faepa\/wp-json\/wp\/v2\/pages"}],"about":[{"href":"https:\/\/sistemafaepa.com.br\/faepa\/wp-json\/wp\/v2\/types\/page"}],"author":[{"embeddable":true,"href":"https:\/\/sistemafaepa.com.br\/faepa\/wp-json\/wp\/v2\/users\/1"}],"replies":[{"embeddable":true,"href":"https:\/\/sistemafaepa.com.br\/faepa\/wp-json\/wp\/v2\/comments?post=60"}],"version-history":[{"count":0,"href":"https:\/\/sistemafaepa.com.br\/faepa\/wp-json\/wp\/v2\/pages\/60\/revisions"}],"wp:attachment":[{"href":"https:\/\/sistemafaepa.com.br\/faepa\/wp-json\/wp\/v2\/media?parent=60"}],"curies":[{"name":"wp","href":"https:\/\/api.w.org\/{rel}","templated":true}]}}