{"id":59,"date":"2017-09-20T18:59:00","date_gmt":"2017-09-20T21:59:00","guid":{"rendered":"http:\/\/sistemafaepa.com.br\/faepa\/?page_id=59"},"modified":"2024-02-07T15:23:24","modified_gmt":"2024-02-07T18:23:24","slug":"a-faepa","status":"publish","type":"page","link":"https:\/\/sistemafaepa.com.br\/faepa\/a-faepa\/","title":{"rendered":"A FAEPA"},"content":{"rendered":"<p>[et_pb_section fb_built=&#8221;1&#8243; inner_shadow=&#8221;on&#8221; fullwidth=&#8221;on&#8221; _builder_version=&#8221;4.16&#8243; background_color=&#8221;#1f6462&#8243; background_image=&#8221;https:\/\/sistemafaepa.com.br\/faepa\/wp-content\/uploads\/sites\/5\/2017\/09\/BG-SENAR.jpg&#8221; global_colors_info=&#8221;{}&#8221;][et_pb_fullwidth_header title=&#8221;A FAEPA&#8221; admin_label=&#8221;Fullwidth Header&#8221; _builder_version=&#8221;4.16&#8243; title_font=&#8221;|on|||&#8221; background_color=&#8221;rgba(255, 255, 255, 0)&#8221; global_colors_info=&#8221;{}&#8221; button_one_text_size__hover_enabled=&#8221;off&#8221; button_two_text_size__hover_enabled=&#8221;off&#8221; button_one_text_color__hover_enabled=&#8221;off&#8221; button_two_text_color__hover_enabled=&#8221;off&#8221; button_one_border_width__hover_enabled=&#8221;off&#8221; button_two_border_width__hover_enabled=&#8221;off&#8221; button_one_border_color__hover_enabled=&#8221;off&#8221; button_two_border_color__hover_enabled=&#8221;off&#8221; button_one_border_radius__hover_enabled=&#8221;off&#8221; button_two_border_radius__hover_enabled=&#8221;off&#8221; button_one_letter_spacing__hover_enabled=&#8221;off&#8221; button_two_letter_spacing__hover_enabled=&#8221;off&#8221; button_one_bg_color__hover_enabled=&#8221;off&#8221; button_two_bg_color__hover_enabled=&#8221;off&#8221;][\/et_pb_fullwidth_header][\/et_pb_section][et_pb_section fb_built=&#8221;1&#8243; specialty=&#8221;on&#8221; _builder_version=&#8221;4.16&#8243; custom_padding=&#8221;3px|0px|54px|0px&#8221; global_colors_info=&#8221;{}&#8221;][et_pb_column type=&#8221;3_4&#8243; specialty_columns=&#8221;3&#8243; _builder_version=&#8221;4.16&#8243; custom_padding=&#8221;|||&#8221; global_colors_info=&#8221;{}&#8221; custom_padding__hover=&#8221;|||&#8221;][et_pb_row_inner _builder_version=&#8221;4.16&#8243; global_colors_info=&#8221;{}&#8221;][et_pb_column_inner saved_specialty_column_type=&#8221;3_4&#8243; _builder_version=&#8221;4.16&#8243; custom_padding=&#8221;|||&#8221; global_colors_info=&#8221;{}&#8221; custom_padding__hover=&#8221;|||&#8221;][et_pb_text admin_label=&#8221;Text&#8221; _builder_version=&#8221;4.16&#8243; background_size=&#8221;initial&#8221; background_position=&#8221;top_left&#8221; background_repeat=&#8221;repeat&#8221; global_colors_info=&#8221;{}&#8221;]<\/p>\n<h2 class=\"inserted\"><strong>O que \u00e9?<\/strong><\/h2>\n<p style=\"text-align: justify\">A Federa\u00e7\u00e3o da Agricultura e Pecu\u00e1ria do Par\u00e1 &#8211; Faepa, associada \u00e0 Confedera\u00e7\u00e3o Nacional de Agricultura e Pecu\u00e1ria do Brasil, a CNA, foi fundada em 8 de setembro de 1951, e tem como miss\u00e3o representar e defender a classe produtora rural, promovendo a\u00e7\u00f5es para a sustentabilidade do agroneg\u00f3cio paraense.<\/p>\n<p style=\"text-align: justify\">Para o alcance de sua miss\u00e3o, a Faepa desenvolve numerosas a\u00e7\u00f5es em parceria com os governos federal, estadual e municipal, contando, para tanto, com o apoio do Servi\u00e7o Nacional de Aprendizagem Rural &#8211; Senar, do Fundo de Desenvolvimento da Pecu\u00e1ria do Estado do Par\u00e1 &#8211; o Fundepec e da Amaz\u00f4nia Rural \u2013 Central de Neg\u00f3cios, institui\u00e7\u00f5es que integram o sistema Faepa.<\/p>\n<p style=\"text-align: justify\">As a\u00e7\u00f5es da Faepa est\u00e3o descentralizadas em dez n\u00facleos regionais, que re\u00fanem 132 sindicatos rurais espalhados por todo o territ\u00f3rio paraense, cuja \u00e1rea atinge 1,2 milh\u00e3o de km2.<\/p>\n<p>&nbsp;<\/p>\n<h2 class=\"conteudo-titulo\"><strong>Miss\u00e3o\u00a0<\/strong><\/h2>\n<div class=\"conteudo-texto\">\n<p>Representar, organizar e fortalecer os produtores e sindicatos rurais, promovendo o desenvolvimento do agroneg\u00f3cio no estado do Par\u00e1.<\/p>\n<p>&nbsp;<\/p>\n<\/div>\n<h2 class=\"conteudo-titulo\"><strong>Vis\u00e3o\u00a0<\/strong><\/h2>\n<div class=\"conteudo-texto\">\n<p>Ser um sistema de excel\u00eancia reconhecido pela sociedade em promover a competitividade e a inova\u00e7\u00e3o do agroneg\u00f3cio no estado do Par\u00e1.<\/p>\n<h2><strong>Compromisso com o produtor rural\u00a0<\/strong><strong>\u00a0<\/strong><\/h2>\n<p><strong>DEFESA DA CLASSE<\/strong><\/p>\n<p>A Faepa defende os direitos e interesses do produto rural, e promove o desenvolvimento econ\u00f4mico e social do setor agropecu\u00e1rio.\u00a0<\/p>\n<p><strong>REPRESENTA\u00c7\u00c3O POL\u00cdTICA<\/strong><\/p>\n<p>A Faepa tem representatividade em diversos f\u00f3runs colegiados privados e governamentais, no \u00e2mbito estadual e municipal, cujas atribui\u00e7\u00f5es estejam relacionadas \u00e0 tem\u00e1tica do agroneg\u00f3cio, contribuindo, inclusive, para a cria\u00e7\u00e3o de pol\u00edticas p\u00fablicas para o setor. Participa, tamb\u00e9m, de mobiliza\u00e7\u00f5es e campanhas em prol da defesa do agroneg\u00f3cio e do produtor rural.<\/p>\n<p><strong>INFORMA\u00c7\u00c3O<\/strong><\/p>\n<p>Produz material informativo sobre o agroneg\u00f3cio atrav\u00e9s de publica\u00e7\u00e3o de revistas, boletins informativos on-line, artigos t\u00e9cnicos, site, redes sociais, palestras, semin\u00e1rios, cursos e treinamentos.<\/p>\n<p><strong>PRESTA\u00c7\u00c3O DE SERVI\u00c7OS<\/strong><\/p>\n<p>Suporte \u00e0 estrutura\u00e7\u00e3o dos sindicatos com assessoria nas \u00e1reas cont\u00e1bil, trabalhista, previdenci\u00e1ria, \ufb01scal e de negocia\u00e7\u00f5es coletivas, al\u00e9m de apoio a leil\u00f5es, exposi\u00e7\u00f5es, cursos, e instala\u00e7\u00e3o de balan\u00e7as em frigor\u00edficos para pesagem de bovinos.<\/p>\n<p><strong>SOLU\u00c7\u00d5ES PARA O CAMPO<\/strong><\/p>\n<p>A Faepa oferece um portf\u00f3lio de programas para todo p\u00fablico rural, nas mais diversas \u00e1reas de atua\u00e7\u00e3o do agroneg\u00f3cio, com solu\u00e7\u00f5es focadas na melhoria da renda, da qualidade de vida do produtor rural e de sua fam\u00edlia, da sustentabilidade da atividade, abrangendo \u00e1reas tais como fortalecimento do sistema sindical, assist\u00eancia t\u00e9cnica e gerencial, ensino t\u00e9cnico, superior e \u00e0 dist\u00e2ncia, al\u00e9m de a\u00e7\u00f5es voltadas \u00e0 promo\u00e7\u00e3o social e responsabilidade social e ambiental.<\/p>\n<p>&nbsp;<\/p>\n<p>&nbsp;<\/p>\n<p>&nbsp;<\/p>\n<\/div>\n<p>[\/et_pb_text][\/et_pb_column_inner][\/et_pb_row_inner][et_pb_row_inner column_structure=&#8221;1_3,1_3,1_3&#8243; _builder_version=&#8221;4.16&#8243; global_colors_info=&#8221;{}&#8221;][et_pb_column_inner type=&#8221;1_3&#8243; saved_specialty_column_type=&#8221;3_4&#8243; _builder_version=&#8221;4.16&#8243; custom_padding=&#8221;|||&#8221; global_colors_info=&#8221;{}&#8221; custom_padding__hover=&#8221;|||&#8221;][\/et_pb_column_inner][et_pb_column_inner type=&#8221;1_3&#8243; saved_specialty_column_type=&#8221;3_4&#8243; _builder_version=&#8221;4.16&#8243; custom_padding=&#8221;|||&#8221; global_colors_info=&#8221;{}&#8221; custom_padding__hover=&#8221;|||&#8221;][\/et_pb_column_inner][et_pb_column_inner type=&#8221;1_3&#8243; saved_specialty_column_type=&#8221;3_4&#8243; _builder_version=&#8221;4.16&#8243; custom_padding=&#8221;|||&#8221; global_colors_info=&#8221;{}&#8221; custom_padding__hover=&#8221;|||&#8221;][\/et_pb_column_inner][\/et_pb_row_inner][\/et_pb_column][et_pb_column type=&#8221;1_4&#8243; _builder_version=&#8221;4.16&#8243; custom_padding=&#8221;|||&#8221; global_colors_info=&#8221;{}&#8221; custom_padding__hover=&#8221;|||&#8221;][et_pb_search exclude_pages=&#8221;off&#8221; placeholder=&#8221;Pesquisar&#8230;&#8221; _builder_version=&#8221;4.16&#8243; global_colors_info=&#8221;{}&#8221; button_text_size__hover_enabled=&#8221;off&#8221; button_one_text_size__hover_enabled=&#8221;off&#8221; button_two_text_size__hover_enabled=&#8221;off&#8221; button_text_color__hover_enabled=&#8221;off&#8221; button_one_text_color__hover_enabled=&#8221;off&#8221; button_two_text_color__hover_enabled=&#8221;off&#8221; button_border_width__hover_enabled=&#8221;off&#8221; button_one_border_width__hover_enabled=&#8221;off&#8221; button_two_border_width__hover_enabled=&#8221;off&#8221; button_border_color__hover_enabled=&#8221;off&#8221; button_one_border_color__hover_enabled=&#8221;off&#8221; button_two_border_color__hover_enabled=&#8221;off&#8221; button_border_radius__hover_enabled=&#8221;off&#8221; button_one_border_radius__hover_enabled=&#8221;off&#8221; button_two_border_radius__hover_enabled=&#8221;off&#8221; button_letter_spacing__hover_enabled=&#8221;off&#8221; button_one_letter_spacing__hover_enabled=&#8221;off&#8221; button_two_letter_spacing__hover_enabled=&#8221;off&#8221; button_bg_color__hover_enabled=&#8221;off&#8221; button_one_bg_color__hover_enabled=&#8221;off&#8221; button_two_bg_color__hover_enabled=&#8221;off&#8221;][\/et_pb_search][et_pb_code _builder_version=&#8221;4.16&#8243; global_colors_info=&#8221;{}&#8221;]<iframe loading=\"lazy\" width=\"250\" height=\"141\" src=\"https:\/\/www.youtube.com\/embed\/Elp0Xhj501o?rel=0&#038;controls=0\" frameborder=\"0\" allowfullscreen><\/iframe>[\/et_pb_code][et_pb_divider color=&#8221;#c6c6c6&#8243; disabled_on=&#8221;on|on|off&#8221; _builder_version=&#8221;4.16&#8243; hide_on_mobile=&#8221;on&#8221; global_colors_info=&#8221;{}&#8221;][\/et_pb_divider][et_pb_blog posts_number=&#8221;5&#8243; show_author=&#8221;off&#8221; show_date=&#8221;off&#8221; show_categories=&#8221;off&#8221; show_pagination=&#8221;off&#8221; use_overlay=&#8221;on&#8221; _builder_version=&#8221;4.16&#8243; header_font_size=&#8221;16&#8243; body_font_size=&#8221;0&#8243; body_line_height=&#8221;0&#8243; global_colors_info=&#8221;{}&#8221;][\/et_pb_blog][\/et_pb_column][\/et_pb_section][et_pb_section fb_built=&#8221;1&#8243; _builder_version=&#8221;3.0.71&#8243; background_color=&#8221;#1f6462&#8243; custom_padding=&#8221;0px|0px|0px|0px&#8221; global_module=&#8221;265&#8243; global_colors_info=&#8221;{}&#8221;][et_pb_row column_structure=&#8221;1_3,1_3,1_3&#8243; _builder_version=&#8221;4.16&#8243; background_size=&#8221;initial&#8221; background_position=&#8221;top_left&#8221; background_repeat=&#8221;repeat&#8221; custom_padding=&#8221;50px|0px|52px|0px&#8221; global_colors_info=&#8221;{}&#8221;][et_pb_column type=&#8221;1_3&#8243; _builder_version=&#8221;4.16&#8243; custom_padding=&#8221;|||&#8221; global_colors_info=&#8221;{}&#8221; custom_padding__hover=&#8221;|||&#8221;][et_pb_signup provider=&#8221;feedburner&#8221; title=&#8221;Receba as novidade sobre o Sistema FAEPA&#8221; button_text=&#8221;receber novidades&#8221; description=&#8221;<\/p>\n<p>Cadastre seu e-mail abaixo<\/p>\n<p>&#8221; _builder_version=&#8221;4.16&#8243; header_font_size=&#8221;20px&#8221; use_background_color=&#8221;off&#8221; custom_button=&#8221;on&#8221; button_text_size=&#8221;17px&#8221; button_border_radius=&#8221;60px&#8221; text_orientation=&#8221;center&#8221; global_colors_info=&#8221;{}&#8221; button_text_size__hover_enabled=&#8221;off&#8221; button_one_text_size__hover_enabled=&#8221;off&#8221; button_two_text_size__hover_enabled=&#8221;off&#8221; button_text_color__hover_enabled=&#8221;off&#8221; button_one_text_color__hover_enabled=&#8221;off&#8221; button_two_text_color__hover_enabled=&#8221;off&#8221; button_border_width__hover_enabled=&#8221;off&#8221; button_one_border_width__hover_enabled=&#8221;off&#8221; button_two_border_width__hover_enabled=&#8221;off&#8221; button_border_color__hover_enabled=&#8221;off&#8221; button_one_border_color__hover_enabled=&#8221;off&#8221; button_two_border_color__hover_enabled=&#8221;off&#8221; button_border_radius__hover_enabled=&#8221;off&#8221; button_one_border_radius__hover_enabled=&#8221;off&#8221; button_two_border_radius__hover_enabled=&#8221;off&#8221; button_letter_spacing__hover_enabled=&#8221;off&#8221; button_one_letter_spacing__hover_enabled=&#8221;off&#8221; button_two_letter_spacing__hover_enabled=&#8221;off&#8221; button_bg_color__hover_enabled=&#8221;off&#8221; button_one_bg_color__hover_enabled=&#8221;off&#8221; button_two_bg_color__hover_enabled=&#8221;off&#8221;]<\/p>\n<p>Cadastre seu e-mail abaixo<\/p>\n<p>[\/et_pb_signup][\/et_pb_column][et_pb_column type=&#8221;1_3&#8243; _builder_version=&#8221;4.16&#8243; custom_padding=&#8221;|||&#8221; global_colors_info=&#8221;{}&#8221; custom_padding__hover=&#8221;|||&#8221;][et_pb_text _builder_version=&#8221;4.16&#8243; text_line_height=&#8221;1em&#8221; background_layout=&#8221;dark&#8221; global_colors_info=&#8221;{}&#8221;]<\/p>\n<h2><strong>(91) 4008-5300<\/strong><\/h2>\n<p>\u00a0<\/p>\n<h5>Manh\u00e3: 9h \u00e0s 12h30<\/h5>\n<h5>Tarde: 14h \u00e0s 18h30<\/h5>\n<h5>\u00a0<\/h5>\n<h5>Trav. Dr. Moraes, n\u00b021 &#8211; Edificio Pal\u00e1cio da Agricultura, 8\u00b0 andar &#8211; Bel\u00e9m &#8211; PA &#8211; CEP:66035 &#8211; 080<\/h5>\n<p>[\/et_pb_text][et_pb_social_media_follow _builder_version=&#8221;4.24.0&#8243; background_layout=&#8221;dark&#8221; hover_enabled=&#8221;0&#8243; border_radii=&#8221;on|100%|100%|100%|100%&#8221; link_shape=&#8221;circle&#8221; global_colors_info=&#8221;{}&#8221; sticky_enabled=&#8221;0&#8243;][et_pb_social_media_follow_network social_network=&#8221;facebook&#8221; url=&#8221;https:\/\/www.facebook.com\/SistemaFAEPA\/&#8221; _builder_version=&#8221;4.16&#8243; background_color=&#8221;#00c3aa&#8221; bg_color=&#8221;#00c3aa&#8221; global_colors_info=&#8221;{}&#8221; follow_button=&#8221;off&#8221; url_new_window=&#8221;on&#8221;]<\/p>\n<p>Facebook<\/p>\n<p>[\/et_pb_social_media_follow_network][et_pb_social_media_follow_network social_network=&#8221;twitter&#8221; url=&#8221;https:\/\/twitter.com\/sistemafaepa&#8221; _builder_version=&#8221;4.16&#8243; background_color=&#8221;#00c3aa&#8221; bg_color=&#8221;#00c3aa&#8221; global_colors_info=&#8221;{}&#8221; follow_button=&#8221;off&#8221; url_new_window=&#8221;on&#8221;]<\/p>\n<p>Twitter<\/p>\n<p>[\/et_pb_social_media_follow_network][et_pb_social_media_follow_network social_network=&#8221;instagram&#8221; url=&#8221;https:\/\/www.instagram.com\/sistemafaepa\/&#8221; _builder_version=&#8221;4.24.0&#8243; background_color=&#8221;#00c3aa&#8221; hover_enabled=&#8221;0&#8243; bg_color=&#8221;#00c3aa&#8221; global_colors_info=&#8221;{}&#8221; follow_button=&#8221;off&#8221; url_new_window=&#8221;on&#8221; sticky_enabled=&#8221;0&#8243;]<\/p>\n<p>Instagram<\/p>\n<p>[\/et_pb_social_media_follow_network][et_pb_social_media_follow_network social_network=&#8221;youtube&#8221; url=&#8221;https:\/\/www.youtube.com\/@sistemafaepa\/videos&#8221; _builder_version=&#8221;4.24.0&#8243; background_color=&#8221;#00c3aa&#8221; bg_color=&#8221;#00c3aa&#8221; global_colors_info=&#8221;{}&#8221; follow_button=&#8221;off&#8221; url_new_window=&#8221;on&#8221; sticky_enabled=&#8221;0&#8243;]youtube[\/et_pb_social_media_follow_network][\/et_pb_social_media_follow][\/et_pb_column][et_pb_column type=&#8221;1_3&#8243; _builder_version=&#8221;4.16&#8243; custom_padding=&#8221;|||&#8221; global_colors_info=&#8221;{}&#8221; custom_padding__hover=&#8221;|||&#8221;][et_pb_image src=&#8221;https:\/\/sistemafaepa.com.br\/faepa\/wp-content\/uploads\/sites\/5\/2024\/02\/LOGO-NOVA-v1-4.png&#8221; title_text=&#8221;LOGO NOVA v1 (4)&#8221; url=&#8221;https:\/\/sistemafaepa.com.br\/&#8221; align=&#8221;center&#8221; align_tablet=&#8221;center&#8221; align_phone=&#8221;&#8221; align_last_edited=&#8221;on|desktop&#8221; _builder_version=&#8221;4.24.0&#8243; max_width=&#8221;220px&#8221; animation_style=&#8221;slide&#8221; animation_direction=&#8221;left&#8221; animation_duration=&#8221;500ms&#8221; animation_intensity_slide=&#8221;10%&#8221; hover_enabled=&#8221;0&#8243; global_colors_info=&#8221;{}&#8221; sticky_enabled=&#8221;0&#8243;][\/et_pb_image][\/et_pb_column][\/et_pb_row][\/et_pb_section]<\/p>\n","protected":false},"excerpt":{"rendered":"<p>O que \u00e9? A Federa\u00e7\u00e3o da Agricultura e Pecu\u00e1ria do Par\u00e1 &#8211; Faepa, associada \u00e0 Confedera\u00e7\u00e3o Nacional de Agricultura e Pecu\u00e1ria do Brasil, a CNA, foi fundada em 8 de setembro de 1951, e tem como miss\u00e3o representar e defender a classe produtora rural, promovendo a\u00e7\u00f5es para a sustentabilidade do agroneg\u00f3cio paraense. Para o alcance [&hellip;]<\/p>\n","protected":false},"author":1,"featured_media":0,"parent":0,"menu_order":0,"comment_status":"closed","ping_status":"closed","template":"","meta":{"_et_pb_use_builder":"on","_et_pb_old_content":"","_et_gb_content_width":"","footnotes":""},"class_list":["post-59","page","type-page","status-publish","hentry"],"_links":{"self":[{"href":"https:\/\/sistemafaepa.com.br\/faepa\/wp-json\/wp\/v2\/pages\/59","targetHints":{"allow":["GET"]}}],"collection":[{"href":"https:\/\/sistemafaepa.com.br\/faepa\/wp-json\/wp\/v2\/pages"}],"about":[{"href":"https:\/\/sistemafaepa.com.br\/faepa\/wp-json\/wp\/v2\/types\/page"}],"author":[{"embeddable":true,"href":"https:\/\/sistemafaepa.com.br\/faepa\/wp-json\/wp\/v2\/users\/1"}],"replies":[{"embeddable":true,"href":"https:\/\/sistemafaepa.com.br\/faepa\/wp-json\/wp\/v2\/comments?post=59"}],"version-history":[{"count":2,"href":"https:\/\/sistemafaepa.com.br\/faepa\/wp-json\/wp\/v2\/pages\/59\/revisions"}],"predecessor-version":[{"id":3150,"href":"https:\/\/sistemafaepa.com.br\/faepa\/wp-json\/wp\/v2\/pages\/59\/revisions\/3150"}],"wp:attachment":[{"href":"https:\/\/sistemafaepa.com.br\/faepa\/wp-json\/wp\/v2\/media?parent=59"}],"curies":[{"name":"wp","href":"https:\/\/api.w.org\/{rel}","templated":true}]}}